{"id":110,"date":"2022-02-15T14:29:47","date_gmt":"2022-02-15T17:29:47","guid":{"rendered":"https:\/\/educacao.luziania.go.gov.br\/escolas\/?page_id=110"},"modified":"2023-09-20T09:16:17","modified_gmt":"2023-09-20T12:16:17","slug":"cadastro-de-divisoes","status":"publish","type":"page","link":"https:\/\/educacao.luziania.go.gov.br\/escolas\/cadastro-de-divisoes\/","title":{"rendered":"Cadastro de Divis\u00f5es da SMEL"},"content":{"rendered":"\t\t<div data-elementor-type=\"wp-page\" data-elementor-id=\"110\" class=\"elementor elementor-110\" data-elementor-post-type=\"page\">\n\t\t\t\t\t\t<section class=\"elementor-section elementor-top-section elementor-element elementor-element-ee74fd7 elementor-section-stretched elementor-section-boxed elementor-section-height-default elementor-section-height-default\" data-id=\"ee74fd7\" data-element_type=\"section\" data-settings=\"{&quot;stretch_section&quot;:&quot;section-stretched&quot;}\">\n\t\t\t\t\t\t<div class=\"elementor-container elementor-column-gap-default\">\n\t\t\t\t\t<div class=\"elementor-column elementor-col-100 elementor-top-column elementor-element elementor-element-01f0dd2\" data-id=\"01f0dd2\" data-element_type=\"column\">\n\t\t\t<div class=\"elementor-widget-wrap elementor-element-populated\">\n\t\t\t\t\t\t\t<\/div>\n\t\t<\/div>\n\t\t\t\t\t<\/div>\n\t\t<\/section>\n\t\t\t\t<section class=\"elementor-section elementor-top-section elementor-element elementor-element-872c23f elementor-section-boxed elementor-section-height-default elementor-section-height-default\" data-id=\"872c23f\" data-element_type=\"section\">\n\t\t\t\t\t\t<div class=\"elementor-container elementor-column-gap-default\">\n\t\t\t\t\t<div class=\"elementor-column elementor-col-100 elementor-top-column elementor-element elementor-element-7cf5ce2\" data-id=\"7cf5ce2\" data-element_type=\"column\">\n\t\t\t<div class=\"elementor-widget-wrap elementor-element-populated\">\n\t\t\t\t\t\t<div class=\"elementor-element elementor-element-4eafe56 elementor-widget elementor-widget-upk-fanel-list\" data-id=\"4eafe56\" data-element_type=\"widget\" data-widget_type=\"upk-fanel-list.default\">\n\t\t\t\t<div class=\"elementor-widget-container\">\n\t\t\t\t\t\t\t<div class=\"upk-fanel-list\">\n\t\t\t\n\t\t\t\t\t\t<div class=\"upk-item\">\n\t\t\t<div class=\"upk-item-box\">\n\t\t\t\t<div class=\"upk-image-wrap\">\n\n\t\t\t\t\t\t\t<img decoding=\"async\" class=\"upk-img\" src=\"https:\/\/educacao.luziania.go.gov.br\/escolas\/wp-content\/plugins\/elementor\/assets\/images\/placeholder.png\" alt=\"ADMINISTRATIVO E GEST\u00c3O ESCOLAR\">\r\n\t\t\n\t\t\t\t\t\n\t\t\t\t<\/div>\n\n\t\t\t\t<div class=\"upk-content upk-readmore--yes\">\n\t\t\t\t\t\n\t\t\t\t\t<h3 class=\"upk-title\"><a href=\"https:\/\/educacao.luziania.go.gov.br\/escolas\/divisoes_smel\/administrativo\/\" title=\"ADMINISTRATIVO E GEST\u00c3O ESCOLAR\" class=\"title-animation-underline\" >ADMINISTRATIVO E GEST\u00c3O ESCOLAR<\/a><\/h3>\n\t\t\t\t\t\n\t\t\t\t\t\n\t\t\t\t<\/div>\n\t\t\t\t\t\t\t\t\t<a class=\"upk-fanel-read-more\" href=\"https:\/\/educacao.luziania.go.gov.br\/escolas\/divisoes_smel\/administrativo\/\">\n\t\t\t\t\t\t<i class=\"upk-icon-arrow-right-7\" aria-hidden=\"true\"><\/i>\n\t\t\t\t\t<\/a>\n\t\t\t\t\t\t\t<\/div>\n\t\t<\/div>\n\n\t\n\t\t\t\n\t\t\t\t\t\t<div class=\"upk-item\">\n\t\t\t<div class=\"upk-item-box\">\n\t\t\t\t<div class=\"upk-image-wrap\">\n\n\t\t\t\t\t\t\t<img decoding=\"async\" class=\"upk-img\" src=\"https:\/\/educacao.luziania.go.gov.br\/escolas\/wp-content\/plugins\/elementor\/assets\/images\/placeholder.png\" alt=\"DAE &#8211; DIVIS\u00c3O DE APOIO AO EDUCANDO\">\r\n\t\t\n\t\t\t\t\t\n\t\t\t\t<\/div>\n\n\t\t\t\t<div class=\"upk-content upk-readmore--yes\">\n\t\t\t\t\t\n\t\t\t\t\t<h3 class=\"upk-title\"><a href=\"https:\/\/educacao.luziania.go.gov.br\/escolas\/divisoes_smel\/dae\/\" title=\"DAE &#8211; DIVIS\u00c3O DE APOIO AO EDUCANDO\" class=\"title-animation-underline\" >DAE &#8211; DIVIS\u00c3O DE APOIO AO EDUCANDO<\/a><\/h3>\n\t\t\t\t\t\n\t\t\t\t\t\n\t\t\t\t<\/div>\n\t\t\t\t\t\t\t\t\t<a class=\"upk-fanel-read-more\" href=\"https:\/\/educacao.luziania.go.gov.br\/escolas\/divisoes_smel\/dae\/\">\n\t\t\t\t\t\t<i class=\"upk-icon-arrow-right-7\" aria-hidden=\"true\"><\/i>\n\t\t\t\t\t<\/a>\n\t\t\t\t\t\t\t<\/div>\n\t\t<\/div>\n\n\t\n\t\t\t\n\t\t\t\t\t\t<div class=\"upk-item\">\n\t\t\t<div class=\"upk-item-box\">\n\t\t\t\t<div class=\"upk-image-wrap\">\n\n\t\t\t\t\t\t\t<img decoding=\"async\" class=\"upk-img\" src=\"https:\/\/educacao.luziania.go.gov.br\/escolas\/wp-content\/plugins\/elementor\/assets\/images\/placeholder.png\" alt=\"DEE &#8211; DIVIS\u00c3O DE EDUCA\u00c7\u00c3O ESPECIAL\">\r\n\t\t\n\t\t\t\t\t\n\t\t\t\t<\/div>\n\n\t\t\t\t<div class=\"upk-content upk-readmore--yes\">\n\t\t\t\t\t\n\t\t\t\t\t<h3 class=\"upk-title\"><a href=\"https:\/\/educacao.luziania.go.gov.br\/escolas\/divisoes_smel\/danee\/\" title=\"DEE &#8211; DIVIS\u00c3O DE EDUCA\u00c7\u00c3O ESPECIAL\" class=\"title-animation-underline\" >DEE &#8211; DIVIS\u00c3O DE EDUCA\u00c7\u00c3O ESPECIAL<\/a><\/h3>\n\t\t\t\t\t\n\t\t\t\t\t\n\t\t\t\t<\/div>\n\t\t\t\t\t\t\t\t\t<a class=\"upk-fanel-read-more\" href=\"https:\/\/educacao.luziania.go.gov.br\/escolas\/divisoes_smel\/danee\/\">\n\t\t\t\t\t\t<i class=\"upk-icon-arrow-right-7\" aria-hidden=\"true\"><\/i>\n\t\t\t\t\t<\/a>\n\t\t\t\t\t\t\t<\/div>\n\t\t<\/div>\n\n\t\n\t\t\t\n\t\t\t\t\t\t<div class=\"upk-item\">\n\t\t\t<div class=\"upk-item-box\">\n\t\t\t\t<div class=\"upk-image-wrap\">\n\n\t\t\t\t\t\t\t<img decoding=\"async\" class=\"upk-img\" src=\"https:\/\/educacao.luziania.go.gov.br\/escolas\/wp-content\/plugins\/elementor\/assets\/images\/placeholder.png\" alt=\"EDUCA\u00c7\u00c3O INFANTIL\">\r\n\t\t\n\t\t\t\t\t\n\t\t\t\t<\/div>\n\n\t\t\t\t<div class=\"upk-content upk-readmore--yes\">\n\t\t\t\t\t\n\t\t\t\t\t<h3 class=\"upk-title\"><a href=\"https:\/\/educacao.luziania.go.gov.br\/escolas\/divisoes_smel\/infantil\/\" title=\"EDUCA\u00c7\u00c3O INFANTIL\" class=\"title-animation-underline\" >EDUCA\u00c7\u00c3O INFANTIL<\/a><\/h3>\n\t\t\t\t\t\n\t\t\t\t\t\n\t\t\t\t<\/div>\n\t\t\t\t\t\t\t\t\t<a class=\"upk-fanel-read-more\" href=\"https:\/\/educacao.luziania.go.gov.br\/escolas\/divisoes_smel\/infantil\/\">\n\t\t\t\t\t\t<i class=\"upk-icon-arrow-right-7\" aria-hidden=\"true\"><\/i>\n\t\t\t\t\t<\/a>\n\t\t\t\t\t\t\t<\/div>\n\t\t<\/div>\n\n\t\n\t\t\t\n\t\t\t\t\t\t<div class=\"upk-item\">\n\t\t\t<div class=\"upk-item-box\">\n\t\t\t\t<div class=\"upk-image-wrap\">\n\n\t\t\t\t\t\t\t<img decoding=\"async\" class=\"upk-img\" src=\"https:\/\/educacao.luziania.go.gov.br\/escolas\/wp-content\/plugins\/elementor\/assets\/images\/placeholder.png\" alt=\"ENSINO FUNDAMENTAL\">\r\n\t\t\n\t\t\t\t\t\n\t\t\t\t<\/div>\n\n\t\t\t\t<div class=\"upk-content upk-readmore--yes\">\n\t\t\t\t\t\n\t\t\t\t\t<h3 class=\"upk-title\"><a href=\"https:\/\/educacao.luziania.go.gov.br\/escolas\/divisoes_smel\/fundamental\/\" title=\"ENSINO FUNDAMENTAL\" class=\"title-animation-underline\" >ENSINO FUNDAMENTAL<\/a><\/h3>\n\t\t\t\t\t\n\t\t\t\t\t\n\t\t\t\t<\/div>\n\t\t\t\t\t\t\t\t\t<a class=\"upk-fanel-read-more\" href=\"https:\/\/educacao.luziania.go.gov.br\/escolas\/divisoes_smel\/fundamental\/\">\n\t\t\t\t\t\t<i class=\"upk-icon-arrow-right-7\" aria-hidden=\"true\"><\/i>\n\t\t\t\t\t<\/a>\n\t\t\t\t\t\t\t<\/div>\n\t\t<\/div>\n\n\t\n\t\t\t\n\t\t\t\t\t\t<div class=\"upk-item\">\n\t\t\t<div class=\"upk-item-box\">\n\t\t\t\t<div class=\"upk-image-wrap\">\n\n\t\t\t\t\t\t\t<img decoding=\"async\" class=\"upk-img\" src=\"https:\/\/educacao.luziania.go.gov.br\/escolas\/wp-content\/plugins\/elementor\/assets\/images\/placeholder.png\" alt=\"GABINETE\">\r\n\t\t\n\t\t\t\t\t\n\t\t\t\t<\/div>\n\n\t\t\t\t<div class=\"upk-content upk-readmore--yes\">\n\t\t\t\t\t\n\t\t\t\t\t<h3 class=\"upk-title\"><a href=\"https:\/\/educacao.luziania.go.gov.br\/escolas\/divisoes_smel\/gabinete\/\" title=\"GABINETE\" class=\"title-animation-underline\" >GABINETE<\/a><\/h3>\n\t\t\t\t\t\n\t\t\t\t\t\n\t\t\t\t<\/div>\n\t\t\t\t\t\t\t\t\t<a class=\"upk-fanel-read-more\" href=\"https:\/\/educacao.luziania.go.gov.br\/escolas\/divisoes_smel\/gabinete\/\">\n\t\t\t\t\t\t<i class=\"upk-icon-arrow-right-7\" aria-hidden=\"true\"><\/i>\n\t\t\t\t\t<\/a>\n\t\t\t\t\t\t\t<\/div>\n\t\t<\/div>\n\n\t\n\t\t\t\n\t\t\t\t\t\t<div class=\"upk-item\">\n\t\t\t<div class=\"upk-item-box\">\n\t\t\t\t<div class=\"upk-image-wrap\">\n\n\t\t\t\t\t\t\t<img decoding=\"async\" class=\"upk-img\" src=\"https:\/\/educacao.luziania.go.gov.br\/escolas\/wp-content\/plugins\/elementor\/assets\/images\/placeholder.png\" alt=\"PLANEJAMENTO E FINAN\u00c7AS\">\r\n\t\t\n\t\t\t\t\t\n\t\t\t\t<\/div>\n\n\t\t\t\t<div class=\"upk-content upk-readmore--yes\">\n\t\t\t\t\t\n\t\t\t\t\t<h3 class=\"upk-title\"><a href=\"https:\/\/educacao.luziania.go.gov.br\/escolas\/divisoes_smel\/financeiro\/\" title=\"PLANEJAMENTO E FINAN\u00c7AS\" class=\"title-animation-underline\" >PLANEJAMENTO E FINAN\u00c7AS<\/a><\/h3>\n\t\t\t\t\t\n\t\t\t\t\t\n\t\t\t\t<\/div>\n\t\t\t\t\t\t\t\t\t<a class=\"upk-fanel-read-more\" href=\"https:\/\/educacao.luziania.go.gov.br\/escolas\/divisoes_smel\/financeiro\/\">\n\t\t\t\t\t\t<i class=\"upk-icon-arrow-right-7\" aria-hidden=\"true\"><\/i>\n\t\t\t\t\t<\/a>\n\t\t\t\t\t\t\t<\/div>\n\t\t<\/div>\n\n\t\n\t\t\t\n\t\t\t\t\t\t<div class=\"upk-item\">\n\t\t\t<div class=\"upk-item-box\">\n\t\t\t\t<div class=\"upk-image-wrap\">\n\n\t\t\t\t\t\t\t<img decoding=\"async\" class=\"upk-img\" src=\"https:\/\/educacao.luziania.go.gov.br\/escolas\/wp-content\/plugins\/elementor\/assets\/images\/placeholder.png\" alt=\"RECURSOS HUMANOS\">\r\n\t\t\n\t\t\t\t\t\n\t\t\t\t<\/div>\n\n\t\t\t\t<div class=\"upk-content upk-readmore--yes\">\n\t\t\t\t\t\n\t\t\t\t\t<h3 class=\"upk-title\"><a href=\"https:\/\/educacao.luziania.go.gov.br\/escolas\/divisoes_smel\/rh\/\" title=\"RECURSOS HUMANOS\" class=\"title-animation-underline\" >RECURSOS HUMANOS<\/a><\/h3>\n\t\t\t\t\t\n\t\t\t\t\t\n\t\t\t\t<\/div>\n\t\t\t\t\t\t\t\t\t<a class=\"upk-fanel-read-more\" href=\"https:\/\/educacao.luziania.go.gov.br\/escolas\/divisoes_smel\/rh\/\">\n\t\t\t\t\t\t<i class=\"upk-icon-arrow-right-7\" aria-hidden=\"true\"><\/i>\n\t\t\t\t\t<\/a>\n\t\t\t\t\t\t\t<\/div>\n\t\t<\/div>\n\n\t\n\t\t\t\t\t<\/div>\n\n\t\t\t\t\t<div class=\"ep-pagination\">\n\t\t\t\t<ul class=\"upk-pagination\" data-widget-id=\"4eafe56\" >\n<li class=\"upk-active\"><a href=\"https:\/\/educacao.luziania.go.gov.br\/escolas\/wp-json\/wp\/v2\/pages\/110\/\">1<\/a><\/li>\n<li><a href=\"https:\/\/educacao.luziania.go.gov.br\/escolas\/wp-json\/wp\/v2\/pages\/110\/page\/2\/\">2<\/a><\/li>\n<\/ul>\n\t\t\t<\/div>\n\t\t\t\t<\/div>\n\t\t\t\t<\/div>\n\t\t\t\t<div class=\"elementor-element elementor-element-23d422e elementor-widget elementor-widget-heading\" data-id=\"23d422e\" data-element_type=\"widget\" data-widget_type=\"heading.default\">\n\t\t\t\t<div class=\"elementor-widget-container\">\n\t\t\t\t\t<h3 class=\"elementor-heading-title elementor-size-default\"><a href=\"http:\/\/rara\">Aten\u00e7\u00e3o: Informa\u00e7\u00f5es sobre a Divis\u00e3o de Transporte na p\u00e1gina 2<\/a><\/h3>\t\t\t\t<\/div>\n\t\t\t\t<\/div>\n\t\t\t\t\t<\/div>\n\t\t<\/div>\n\t\t\t\t\t<\/div>\n\t\t<\/section>\n\t\t\t\t<\/div>\n\t\t","protected":false},"excerpt":{"rendered":"<p>ADMINISTRATIVO E GEST\u00c3O ESCOLAR DAE &#8211; DIVIS\u00c3O DE APOIO AO EDUCANDO DEE &#8211; DIVIS\u00c3O DE EDUCA\u00c7\u00c3O ESPECIAL EDUCA\u00c7\u00c3O INFANTIL ENSINO FUNDAMENTAL GABINETE PLANEJAMENTO E FINAN\u00c7AS RECURSOS HUMANOS 1 2 Aten\u00e7\u00e3o: Informa\u00e7\u00f5es sobre a Divis\u00e3o de Transporte na p\u00e1gina 2<\/p>\n","protected":false},"author":1,"featured_media":0,"parent":0,"menu_order":0,"comment_status":"closed","ping_status":"closed","template":"elementor_header_footer","meta":{"_acf_changed":false,"footnotes":""},"class_list":["post-110","page","type-page","status-publish","hentry"],"acf":[],"_links":{"self":[{"href":"https:\/\/educacao.luziania.go.gov.br\/escolas\/wp-json\/wp\/v2\/pages\/110","targetHints":{"allow":["GET"]}}],"collection":[{"href":"https:\/\/educacao.luziania.go.gov.br\/escolas\/wp-json\/wp\/v2\/pages"}],"about":[{"href":"https:\/\/educacao.luziania.go.gov.br\/escolas\/wp-json\/wp\/v2\/types\/page"}],"author":[{"embeddable":true,"href":"https:\/\/educacao.luziania.go.gov.br\/escolas\/wp-json\/wp\/v2\/users\/1"}],"replies":[{"embeddable":true,"href":"https:\/\/educacao.luziania.go.gov.br\/escolas\/wp-json\/wp\/v2\/comments?post=110"}],"version-history":[{"count":56,"href":"https:\/\/educacao.luziania.go.gov.br\/escolas\/wp-json\/wp\/v2\/pages\/110\/revisions"}],"predecessor-version":[{"id":489,"href":"https:\/\/educacao.luziania.go.gov.br\/escolas\/wp-json\/wp\/v2\/pages\/110\/revisions\/489"}],"wp:attachment":[{"href":"https:\/\/educacao.luziania.go.gov.br\/escolas\/wp-json\/wp\/v2\/media?parent=110"}],"curies":[{"name":"wp","href":"https:\/\/api.w.org\/{rel}","templated":true}]}}