{"id":74,"date":"2022-02-15T08:13:55","date_gmt":"2022-02-15T11:13:55","guid":{"rendered":"https:\/\/educacao.luziania.go.gov.br\/escolas\/?page_id=74"},"modified":"2025-02-20T21:06:27","modified_gmt":"2025-02-21T00:06:27","slug":"escolas-de-luziania","status":"publish","type":"page","link":"https:\/\/educacao.luziania.go.gov.br\/escolas\/escolas-de-luziania\/","title":{"rendered":"Escolas de Luzi\u00e2nia"},"content":{"rendered":"\t\t<div data-elementor-type=\"wp-page\" data-elementor-id=\"74\" class=\"elementor elementor-74\" data-elementor-post-type=\"page\">\n\t\t\t\t\t\t<section class=\"elementor-section elementor-top-section elementor-element elementor-element-ee74fd7 elementor-section-stretched elementor-section-boxed elementor-section-height-default elementor-section-height-default\" data-id=\"ee74fd7\" data-element_type=\"section\" data-settings=\"{&quot;stretch_section&quot;:&quot;section-stretched&quot;}\">\n\t\t\t\t\t\t<div class=\"elementor-container elementor-column-gap-default\">\n\t\t\t\t\t<div class=\"elementor-column elementor-col-100 elementor-top-column elementor-element elementor-element-01f0dd2\" data-id=\"01f0dd2\" data-element_type=\"column\">\n\t\t\t<div class=\"elementor-widget-wrap elementor-element-populated\">\n\t\t\t\t\t\t<div class=\"elementor-element elementor-element-8c999d5 elementor-widget elementor-widget-heading\" data-id=\"8c999d5\" data-element_type=\"widget\" data-widget_type=\"heading.default\">\n\t\t\t\t<div class=\"elementor-widget-container\">\n\t\t\t\t\t<h2 class=\"elementor-heading-title elementor-size-default\">ESCOLAS DE LUZI\u00c2NIA<\/h2>\t\t\t\t<\/div>\n\t\t\t\t<\/div>\n\t\t\t\t\t<\/div>\n\t\t<\/div>\n\t\t\t\t\t<\/div>\n\t\t<\/section>\n\t\t\t\t<section class=\"elementor-section elementor-top-section elementor-element elementor-element-9a07c3c elementor-section-boxed elementor-section-height-default elementor-section-height-default\" data-id=\"9a07c3c\" data-element_type=\"section\">\n\t\t\t\t\t\t<div class=\"elementor-container elementor-column-gap-default\">\n\t\t\t\t\t<div class=\"elementor-column elementor-col-100 elementor-top-column elementor-element elementor-element-6052436\" data-id=\"6052436\" data-element_type=\"column\">\n\t\t\t<div class=\"elementor-widget-wrap elementor-element-populated\">\n\t\t\t\t\t\t<div class=\"elementor-element elementor-element-1d45900 elementor-widget elementor-widget-upk-fanel-list\" data-id=\"1d45900\" data-element_type=\"widget\" data-widget_type=\"upk-fanel-list.default\">\n\t\t\t\t<div class=\"elementor-widget-container\">\n\t\t\t\t\t\t\t<div class=\"upk-fanel-list\">\n\t\t\t\n\t\t\t\t\t\t<div class=\"upk-item\">\n\t\t\t<div class=\"upk-item-box\">\n\t\t\t\t<div class=\"upk-image-wrap\">\n\n\t\t\t\t\t\t\t<img decoding=\"async\" class=\"upk-img\" src=\"https:\/\/educacao.luziania.go.gov.br\/escolas\/wp-content\/plugins\/elementor\/assets\/images\/placeholder.png\" alt=\"1\u00aa Escola de Tempo Integral \u2013 Laudim\u00edrio de Jesus Tormin\">\r\n\t\t\n\t\t\t\t\t\n\t\t\t\t<\/div>\n\n\t\t\t\t<div class=\"upk-content upk-readmore--yes\">\n\t\t\t\t\t\n\t\t\t\t\t<h3 class=\"upk-title\"><a href=\"https:\/\/educacao.luziania.go.gov.br\/escolas\/cadastro_de_escolas\/cmeb-1a-escola-de-tempo-integral-laudimirio-de-jesus-tormin\/\" title=\"1\u00aa Escola de Tempo Integral \u2013 Laudim\u00edrio de Jesus Tormin\" class=\"title-animation-underline\" >1\u00aa Escola de Tempo Integral \u2013 Laudim\u00edrio de Jesus Tormin<\/a><\/h3>\n\t\t\t\t\t\n\t\t\t\t\t\n\t\t\t\t<\/div>\n\t\t\t\t\t\t\t\t\t<a class=\"upk-fanel-read-more\" href=\"https:\/\/educacao.luziania.go.gov.br\/escolas\/cadastro_de_escolas\/cmeb-1a-escola-de-tempo-integral-laudimirio-de-jesus-tormin\/\">\n\t\t\t\t\t\t<i class=\"upk-icon-arrow-right-7\" aria-hidden=\"true\"><\/i>\n\t\t\t\t\t<\/a>\n\t\t\t\t\t\t\t<\/div>\n\t\t<\/div>\n\n\t\n\t\t\t\n\t\t\t\t\t\t<div class=\"upk-item\">\n\t\t\t<div class=\"upk-item-box\">\n\t\t\t\t<div class=\"upk-image-wrap\">\n\n\t\t\t\t\t\t\t<img decoding=\"async\" class=\"upk-img\" src=\"https:\/\/educacao.luziania.go.gov.br\/escolas\/wp-content\/plugins\/elementor\/assets\/images\/placeholder.png\" alt=\"Biblioteca P\u00fablica Municipal Professora Laiza dos Reis Meireles\">\r\n\t\t\n\t\t\t\t\t\n\t\t\t\t<\/div>\n\n\t\t\t\t<div class=\"upk-content upk-readmore--yes\">\n\t\t\t\t\t\n\t\t\t\t\t<h3 class=\"upk-title\"><a href=\"https:\/\/educacao.luziania.go.gov.br\/escolas\/cadastro_de_escolas\/biblioteca-publica-municipal-professora-laiza-dos-reis-meireles\/\" title=\"Biblioteca P\u00fablica Municipal Professora Laiza dos Reis Meireles\" class=\"title-animation-underline\" >Biblioteca P\u00fablica Municipal Professora Laiza dos Reis Meireles<\/a><\/h3>\n\t\t\t\t\t\n\t\t\t\t\t\n\t\t\t\t<\/div>\n\t\t\t\t\t\t\t\t\t<a class=\"upk-fanel-read-more\" href=\"https:\/\/educacao.luziania.go.gov.br\/escolas\/cadastro_de_escolas\/biblioteca-publica-municipal-professora-laiza-dos-reis-meireles\/\">\n\t\t\t\t\t\t<i class=\"upk-icon-arrow-right-7\" aria-hidden=\"true\"><\/i>\n\t\t\t\t\t<\/a>\n\t\t\t\t\t\t\t<\/div>\n\t\t<\/div>\n\n\t\n\t\t\t\n\t\t\t\t\t\t<div class=\"upk-item\">\n\t\t\t<div class=\"upk-item-box\">\n\t\t\t\t<div class=\"upk-image-wrap\">\n\n\t\t\t\t\t\t\t<img decoding=\"async\" class=\"upk-img\" src=\"https:\/\/educacao.luziania.go.gov.br\/escolas\/wp-content\/plugins\/elementor\/assets\/images\/placeholder.png\" alt=\"Centro Municipal de Educa\u00e7\u00e3o Infantil P\u00e9rola Meirelles de Brito\">\r\n\t\t\n\t\t\t\t\t\n\t\t\t\t<\/div>\n\n\t\t\t\t<div class=\"upk-content upk-readmore--yes\">\n\t\t\t\t\t\n\t\t\t\t\t<h3 class=\"upk-title\"><a href=\"https:\/\/educacao.luziania.go.gov.br\/escolas\/cadastro_de_escolas\/centro-municipal-de-educacao-infantil-perola-meirelles-de-brito\/\" title=\"Centro Municipal de Educa\u00e7\u00e3o Infantil P\u00e9rola Meirelles de Brito\" class=\"title-animation-underline\" >Centro Municipal de Educa\u00e7\u00e3o Infantil P\u00e9rola Meirelles de Brito<\/a><\/h3>\n\t\t\t\t\t\n\t\t\t\t\t\n\t\t\t\t<\/div>\n\t\t\t\t\t\t\t\t\t<a class=\"upk-fanel-read-more\" href=\"https:\/\/educacao.luziania.go.gov.br\/escolas\/cadastro_de_escolas\/centro-municipal-de-educacao-infantil-perola-meirelles-de-brito\/\">\n\t\t\t\t\t\t<i class=\"upk-icon-arrow-right-7\" aria-hidden=\"true\"><\/i>\n\t\t\t\t\t<\/a>\n\t\t\t\t\t\t\t<\/div>\n\t\t<\/div>\n\n\t\n\t\t\t\n\t\t\t\t\t\t<div class=\"upk-item\">\n\t\t\t<div class=\"upk-item-box\">\n\t\t\t\t<div class=\"upk-image-wrap\">\n\n\t\t\t\t\t\t\t<img decoding=\"async\" class=\"upk-img\" src=\"https:\/\/educacao.luziania.go.gov.br\/escolas\/wp-content\/plugins\/elementor\/assets\/images\/placeholder.png\" alt=\"Centro Municipal de Educa\u00e7\u00e3o Infantil Professora Zilda Dias\">\r\n\t\t\n\t\t\t\t\t\n\t\t\t\t<\/div>\n\n\t\t\t\t<div class=\"upk-content upk-readmore--yes\">\n\t\t\t\t\t\n\t\t\t\t\t<h3 class=\"upk-title\"><a href=\"https:\/\/educacao.luziania.go.gov.br\/escolas\/cadastro_de_escolas\/centro-municipal-de-educacao-infantil-professora-zilda-dias\/\" title=\"Centro Municipal de Educa\u00e7\u00e3o Infantil Professora Zilda Dias\" class=\"title-animation-underline\" >Centro Municipal de Educa\u00e7\u00e3o Infantil Professora Zilda Dias<\/a><\/h3>\n\t\t\t\t\t\n\t\t\t\t\t\n\t\t\t\t<\/div>\n\t\t\t\t\t\t\t\t\t<a class=\"upk-fanel-read-more\" href=\"https:\/\/educacao.luziania.go.gov.br\/escolas\/cadastro_de_escolas\/centro-municipal-de-educacao-infantil-professora-zilda-dias\/\">\n\t\t\t\t\t\t<i class=\"upk-icon-arrow-right-7\" aria-hidden=\"true\"><\/i>\n\t\t\t\t\t<\/a>\n\t\t\t\t\t\t\t<\/div>\n\t\t<\/div>\n\n\t\n\t\t\t\n\t\t\t\t\t\t<div class=\"upk-item\">\n\t\t\t<div class=\"upk-item-box\">\n\t\t\t\t<div class=\"upk-image-wrap\">\n\n\t\t\t\t\t\t\t<img decoding=\"async\" class=\"upk-img\" src=\"https:\/\/educacao.luziania.go.gov.br\/escolas\/wp-content\/plugins\/elementor\/assets\/images\/placeholder.png\" alt=\"CMEB  Kennedy -Professora Maria Clarice Meireles de Queiroz\">\r\n\t\t\n\t\t\t\t\t\n\t\t\t\t<\/div>\n\n\t\t\t\t<div class=\"upk-content upk-readmore--yes\">\n\t\t\t\t\t\n\t\t\t\t\t<h3 class=\"upk-title\"><a href=\"https:\/\/educacao.luziania.go.gov.br\/escolas\/cadastro_de_escolas\/cmeb-professora-maria-clarice-meireles-de-queiroz\/\" title=\"CMEB  Kennedy -Professora Maria Clarice Meireles de Queiroz\" class=\"title-animation-underline\" >CMEB  Kennedy -Professora Maria Clarice Meireles de Queiroz<\/a><\/h3>\n\t\t\t\t\t\n\t\t\t\t\t\n\t\t\t\t<\/div>\n\t\t\t\t\t\t\t\t\t<a class=\"upk-fanel-read-more\" href=\"https:\/\/educacao.luziania.go.gov.br\/escolas\/cadastro_de_escolas\/cmeb-professora-maria-clarice-meireles-de-queiroz\/\">\n\t\t\t\t\t\t<i class=\"upk-icon-arrow-right-7\" aria-hidden=\"true\"><\/i>\n\t\t\t\t\t<\/a>\n\t\t\t\t\t\t\t<\/div>\n\t\t<\/div>\n\n\t\n\t\t\t\n\t\t\t\t\t\t<div class=\"upk-item\">\n\t\t\t<div class=\"upk-item-box\">\n\t\t\t\t<div class=\"upk-image-wrap\">\n\n\t\t\t\t\t\t\t<img decoding=\"async\" class=\"upk-img\" src=\"https:\/\/educacao.luziania.go.gov.br\/escolas\/wp-content\/plugins\/elementor\/assets\/images\/placeholder.png\" alt=\"CMEB Andr\u00e9 Rochais\">\r\n\t\t\n\t\t\t\t\t\n\t\t\t\t<\/div>\n\n\t\t\t\t<div class=\"upk-content upk-readmore--yes\">\n\t\t\t\t\t\n\t\t\t\t\t<h3 class=\"upk-title\"><a href=\"https:\/\/educacao.luziania.go.gov.br\/escolas\/cadastro_de_escolas\/cmei-espedita-furtado-vieira\/\" title=\"CMEB Andr\u00e9 Rochais\" class=\"title-animation-underline\" >CMEB Andr\u00e9 Rochais<\/a><\/h3>\n\t\t\t\t\t\n\t\t\t\t\t\n\t\t\t\t<\/div>\n\t\t\t\t\t\t\t\t\t<a class=\"upk-fanel-read-more\" href=\"https:\/\/educacao.luziania.go.gov.br\/escolas\/cadastro_de_escolas\/cmei-espedita-furtado-vieira\/\">\n\t\t\t\t\t\t<i class=\"upk-icon-arrow-right-7\" aria-hidden=\"true\"><\/i>\n\t\t\t\t\t<\/a>\n\t\t\t\t\t\t\t<\/div>\n\t\t<\/div>\n\n\t\n\t\t\t\n\t\t\t\t\t\t<div class=\"upk-item\">\n\t\t\t<div class=\"upk-item-box\">\n\t\t\t\t<div class=\"upk-image-wrap\">\n\n\t\t\t\t\t\t\t<img decoding=\"async\" class=\"upk-img\" src=\"https:\/\/educacao.luziania.go.gov.br\/escolas\/wp-content\/plugins\/elementor\/assets\/images\/placeholder.png\" alt=\"CMEB Carlos Alberto Brand\u00e3o Ferreira \u2013 Padre Teto\">\r\n\t\t\n\t\t\t\t\t\n\t\t\t\t<\/div>\n\n\t\t\t\t<div class=\"upk-content upk-readmore--yes\">\n\t\t\t\t\t\n\t\t\t\t\t<h3 class=\"upk-title\"><a href=\"https:\/\/educacao.luziania.go.gov.br\/escolas\/cadastro_de_escolas\/cmei-nilza-ribeiro-de-queiroz\/\" title=\"CMEB Carlos Alberto Brand\u00e3o Ferreira \u2013 Padre Teto\" class=\"title-animation-underline\" >CMEB Carlos Alberto Brand\u00e3o Ferreira \u2013 Padre Teto<\/a><\/h3>\n\t\t\t\t\t\n\t\t\t\t\t\n\t\t\t\t<\/div>\n\t\t\t\t\t\t\t\t\t<a class=\"upk-fanel-read-more\" href=\"https:\/\/educacao.luziania.go.gov.br\/escolas\/cadastro_de_escolas\/cmei-nilza-ribeiro-de-queiroz\/\">\n\t\t\t\t\t\t<i class=\"upk-icon-arrow-right-7\" aria-hidden=\"true\"><\/i>\n\t\t\t\t\t<\/a>\n\t\t\t\t\t\t\t<\/div>\n\t\t<\/div>\n\n\t\n\t\t\t\n\t\t\t\t\t\t<div class=\"upk-item\">\n\t\t\t<div class=\"upk-item-box\">\n\t\t\t\t<div class=\"upk-image-wrap\">\n\n\t\t\t\t\t\t\t<img decoding=\"async\" class=\"upk-img\" src=\"https:\/\/educacao.luziania.go.gov.br\/escolas\/wp-content\/plugins\/elementor\/assets\/images\/placeholder.png\" alt=\"CMEB Dom Bosco\">\r\n\t\t\n\t\t\t\t\t\n\t\t\t\t<\/div>\n\n\t\t\t\t<div class=\"upk-content upk-readmore--yes\">\n\t\t\t\t\t\n\t\t\t\t\t<h3 class=\"upk-title\"><a href=\"https:\/\/educacao.luziania.go.gov.br\/escolas\/cadastro_de_escolas\/cmeb-dom-bosco\/\" title=\"CMEB Dom Bosco\" class=\"title-animation-underline\" >CMEB Dom Bosco<\/a><\/h3>\n\t\t\t\t\t\n\t\t\t\t\t\n\t\t\t\t<\/div>\n\t\t\t\t\t\t\t\t\t<a class=\"upk-fanel-read-more\" href=\"https:\/\/educacao.luziania.go.gov.br\/escolas\/cadastro_de_escolas\/cmeb-dom-bosco\/\">\n\t\t\t\t\t\t<i class=\"upk-icon-arrow-right-7\" aria-hidden=\"true\"><\/i>\n\t\t\t\t\t<\/a>\n\t\t\t\t\t\t\t<\/div>\n\t\t<\/div>\n\n\t\n\t\t\t\t\t<\/div>\n\n\t\t\t\t\t<div class=\"ep-pagination\">\n\t\t\t\t<ul class=\"upk-pagination\" data-widget-id=\"1d45900\" >\n<li class=\"upk-active\"><a href=\"https:\/\/educacao.luziania.go.gov.br\/escolas\/wp-json\/wp\/v2\/pages\/74\/\">1<\/a><\/li>\n<li><a href=\"https:\/\/educacao.luziania.go.gov.br\/escolas\/wp-json\/wp\/v2\/pages\/74\/page\/2\/\">2<\/a><\/li>\n<li><a href=\"https:\/\/educacao.luziania.go.gov.br\/escolas\/wp-json\/wp\/v2\/pages\/74\/page\/3\/\">3<\/a><\/li>\n<li class=\"upk-pagination-dot-dot\"><span>...<\/span><\/li>\n<li><a href=\"https:\/\/educacao.luziania.go.gov.br\/escolas\/wp-json\/wp\/v2\/pages\/74\/page\/6\/\">6<\/a><\/li>\n<\/ul>\n\t\t\t<\/div>\n\t\t\t\t<\/div>\n\t\t\t\t<\/div>\n\t\t\t\t\t<\/div>\n\t\t<\/div>\n\t\t\t\t\t<\/div>\n\t\t<\/section>\n\t\t\t\t<\/div>\n\t\t","protected":false},"excerpt":{"rendered":"<p>ESCOLAS DE LUZI\u00c2NIA 1\u00aa Escola de Tempo Integral \u2013 Laudim\u00edrio de Jesus Tormin Biblioteca P\u00fablica Municipal Professora Laiza dos Reis Meireles Centro Municipal de Educa\u00e7\u00e3o Infantil P\u00e9rola Meirelles de Brito Centro Municipal de Educa\u00e7\u00e3o Infantil Professora Zilda Dias CMEB Kennedy -Professora Maria Clarice Meireles de Queiroz CMEB Andr\u00e9 Rochais CMEB Carlos Alberto Brand\u00e3o Ferreira \u2013 [&hellip;]<\/p>\n","protected":false},"author":1,"featured_media":0,"parent":0,"menu_order":0,"comment_status":"closed","ping_status":"closed","template":"elementor_header_footer","meta":{"_acf_changed":false,"footnotes":""},"class_list":["post-74","page","type-page","status-publish","hentry"],"acf":[],"_links":{"self":[{"href":"https:\/\/educacao.luziania.go.gov.br\/escolas\/wp-json\/wp\/v2\/pages\/74","targetHints":{"allow":["GET"]}}],"collection":[{"href":"https:\/\/educacao.luziania.go.gov.br\/escolas\/wp-json\/wp\/v2\/pages"}],"about":[{"href":"https:\/\/educacao.luziania.go.gov.br\/escolas\/wp-json\/wp\/v2\/types\/page"}],"author":[{"embeddable":true,"href":"https:\/\/educacao.luziania.go.gov.br\/escolas\/wp-json\/wp\/v2\/users\/1"}],"replies":[{"embeddable":true,"href":"https:\/\/educacao.luziania.go.gov.br\/escolas\/wp-json\/wp\/v2\/comments?post=74"}],"version-history":[{"count":93,"href":"https:\/\/educacao.luziania.go.gov.br\/escolas\/wp-json\/wp\/v2\/pages\/74\/revisions"}],"predecessor-version":[{"id":649,"href":"https:\/\/educacao.luziania.go.gov.br\/escolas\/wp-json\/wp\/v2\/pages\/74\/revisions\/649"}],"wp:attachment":[{"href":"https:\/\/educacao.luziania.go.gov.br\/escolas\/wp-json\/wp\/v2\/media?parent=74"}],"curies":[{"name":"wp","href":"https:\/\/api.w.org\/{rel}","templated":true}]}}