{"id":1661,"date":"2021-07-21T15:45:36","date_gmt":"2021-07-21T18:45:36","guid":{"rendered":"https:\/\/educacao.luziania.go.gov.br\/formularios\/?page_id=1661"},"modified":"2026-04-09T11:11:53","modified_gmt":"2026-04-09T14:11:53","slug":"recadastramento-de-endereco-de-domicilio","status":"publish","type":"page","link":"https:\/\/educacao.luziania.go.gov.br\/formularios\/recadastramento-de-endereco-de-domicilio\/","title":{"rendered":"Recadastramento de Endere\u00e7o de Domic\u00edlio"},"content":{"rendered":"\t\t<div data-elementor-type=\"wp-page\" data-elementor-id=\"1661\" class=\"elementor elementor-1661\" data-elementor-post-type=\"page\">\n\t\t\t\t\t\t<section class=\"elementor-section elementor-top-section elementor-element elementor-element-1b5f553 elementor-section-boxed elementor-section-height-default elementor-section-height-default\" data-id=\"1b5f553\" data-element_type=\"section\" data-e-type=\"section\">\n\t\t\t\t\t\t<div class=\"elementor-container elementor-column-gap-no\">\n\t\t\t\t\t<div class=\"elementor-column elementor-col-50 elementor-top-column elementor-element elementor-element-8d336d4\" data-id=\"8d336d4\" data-element_type=\"column\" data-e-type=\"column\">\n\t\t\t<div class=\"elementor-widget-wrap elementor-element-populated\">\n\t\t\t\t\t\t<div class=\"elementor-element elementor-element-90e2d00 elementor-widget elementor-widget-image\" data-id=\"90e2d00\" data-element_type=\"widget\" data-e-type=\"widget\" data-widget_type=\"image.default\">\n\t\t\t\t<div class=\"elementor-widget-container\">\n\t\t\t\t\t\t\t\t\t\t\t\t\t\t\t<img fetchpriority=\"high\" decoding=\"async\" width=\"300\" height=\"300\" src=\"https:\/\/educacao.luziania.go.gov.br\/formularios\/wp-content\/uploads\/2025\/01\/logo-pml-nova-300x300.png\" class=\"attachment-medium size-medium wp-image-2903\" alt=\"\" srcset=\"https:\/\/educacao.luziania.go.gov.br\/formularios\/wp-content\/uploads\/2025\/01\/logo-pml-nova-300x300.png 300w, https:\/\/educacao.luziania.go.gov.br\/formularios\/wp-content\/uploads\/2025\/01\/logo-pml-nova-1024x1024.png 1024w, https:\/\/educacao.luziania.go.gov.br\/formularios\/wp-content\/uploads\/2025\/01\/logo-pml-nova-150x150.png 150w, https:\/\/educacao.luziania.go.gov.br\/formularios\/wp-content\/uploads\/2025\/01\/logo-pml-nova-768x767.png 768w, https:\/\/educacao.luziania.go.gov.br\/formularios\/wp-content\/uploads\/2025\/01\/logo-pml-nova.png 1169w\" sizes=\"(max-width: 300px) 100vw, 300px\" \/>\t\t\t\t\t\t\t\t\t\t\t\t\t\t\t<\/div>\n\t\t\t\t<\/div>\n\t\t\t\t\t<\/div>\n\t\t<\/div>\n\t\t\t\t<div class=\"elementor-column elementor-col-50 elementor-top-column elementor-element elementor-element-08b4782\" data-id=\"08b4782\" data-element_type=\"column\" data-e-type=\"column\">\n\t\t\t<div class=\"elementor-widget-wrap elementor-element-populated\">\n\t\t\t\t\t\t<div class=\"elementor-element elementor-element-adc0406 elementor-widget elementor-widget-image\" data-id=\"adc0406\" data-element_type=\"widget\" data-e-type=\"widget\" data-widget_type=\"image.default\">\n\t\t\t\t<div class=\"elementor-widget-container\">\n\t\t\t\t\t\t\t\t\t\t\t\t\t\t\t<img decoding=\"async\" width=\"300\" height=\"300\" src=\"https:\/\/educacao.luziania.go.gov.br\/formularios\/wp-content\/uploads\/2021\/06\/logo_smel-300x300.png\" class=\"attachment-medium size-medium wp-image-217\" alt=\"\" srcset=\"https:\/\/educacao.luziania.go.gov.br\/formularios\/wp-content\/uploads\/2021\/06\/logo_smel-300x300.png 300w, https:\/\/educacao.luziania.go.gov.br\/formularios\/wp-content\/uploads\/2021\/06\/logo_smel-1024x1024.png 1024w, https:\/\/educacao.luziania.go.gov.br\/formularios\/wp-content\/uploads\/2021\/06\/logo_smel-150x150.png 150w, https:\/\/educacao.luziania.go.gov.br\/formularios\/wp-content\/uploads\/2021\/06\/logo_smel-768x768.png 768w, https:\/\/educacao.luziania.go.gov.br\/formularios\/wp-content\/uploads\/2021\/06\/logo_smel.png 1080w\" sizes=\"(max-width: 300px) 100vw, 300px\" \/>\t\t\t\t\t\t\t\t\t\t\t\t\t\t\t<\/div>\n\t\t\t\t<\/div>\n\t\t\t\t\t<\/div>\n\t\t<\/div>\n\t\t\t\t\t<\/div>\n\t\t<\/section>\n\t\t\t\t<section class=\"elementor-section elementor-top-section elementor-element elementor-element-7170a28 elementor-section-boxed elementor-section-height-default elementor-section-height-default\" data-id=\"7170a28\" data-element_type=\"section\" data-e-type=\"section\">\n\t\t\t\t\t\t<div class=\"elementor-container elementor-column-gap-default\">\n\t\t\t\t\t<div class=\"elementor-column elementor-col-16 elementor-top-column elementor-element elementor-element-9116b8f\" data-id=\"9116b8f\" data-element_type=\"column\" data-e-type=\"column\">\n\t\t\t<div class=\"elementor-widget-wrap\">\n\t\t\t\t\t\t\t<\/div>\n\t\t<\/div>\n\t\t\t\t<div class=\"elementor-column elementor-col-66 elementor-top-column elementor-element elementor-element-137c7de\" data-id=\"137c7de\" data-element_type=\"column\" data-e-type=\"column\">\n\t\t\t<div class=\"elementor-widget-wrap elementor-element-populated\">\n\t\t\t\t\t\t<div class=\"elementor-element elementor-element-8cce5e0 elementor-widget elementor-widget-heading\" data-id=\"8cce5e0\" data-element_type=\"widget\" data-e-type=\"widget\" data-widget_type=\"heading.default\">\n\t\t\t\t<div class=\"elementor-widget-container\">\n\t\t\t\t\t<h4 class=\"elementor-heading-title elementor-size-default\">VALE TRANSPORTE PARTE III - ANEXO \u00daNICO DA PORTARIA N\u00ba. 149\/2018 - RECADASTRAMENTO DE ENDERE\u00c7O DE DOMIC\u00cdLIO<\/h4>\t\t\t\t<\/div>\n\t\t\t\t<\/div>\n\t\t\t\t\t<\/div>\n\t\t<\/div>\n\t\t\t\t<div class=\"elementor-column elementor-col-16 elementor-top-column elementor-element elementor-element-31475f6\" data-id=\"31475f6\" data-element_type=\"column\" data-e-type=\"column\">\n\t\t\t<div class=\"elementor-widget-wrap\">\n\t\t\t\t\t\t\t<\/div>\n\t\t<\/div>\n\t\t\t\t\t<\/div>\n\t\t<\/section>\n\t\t\t\t<section class=\"elementor-section elementor-top-section elementor-element elementor-element-0048799 elementor-section-boxed elementor-section-height-default elementor-section-height-default\" data-id=\"0048799\" data-element_type=\"section\" data-e-type=\"section\">\n\t\t\t\t\t\t<div class=\"elementor-container elementor-column-gap-default\">\n\t\t\t\t\t<div class=\"elementor-column elementor-col-16 elementor-top-column elementor-element elementor-element-a757472\" data-id=\"a757472\" data-element_type=\"column\" data-e-type=\"column\">\n\t\t\t<div class=\"elementor-widget-wrap\">\n\t\t\t\t\t\t\t<\/div>\n\t\t<\/div>\n\t\t\t\t<div class=\"elementor-column elementor-col-66 elementor-top-column elementor-element elementor-element-88a1665\" data-id=\"88a1665\" data-element_type=\"column\" data-e-type=\"column\">\n\t\t\t<div class=\"elementor-widget-wrap elementor-element-populated\">\n\t\t\t\t\t\t<div class=\"elementor-element elementor-element-d617bb6 elementor-button-align-end elementor-widget elementor-widget-form\" data-id=\"d617bb6\" data-element_type=\"widget\" data-e-type=\"widget\" data-settings=\"{&quot;step_next_label&quot;:&quot;Next&quot;,&quot;step_previous_label&quot;:&quot;Previous&quot;,&quot;step_type&quot;:&quot;number_text&quot;,&quot;step_icon_shape&quot;:&quot;circle&quot;}\" data-widget_type=\"form.default\">\n\t\t\t\t<div class=\"elementor-widget-container\">\n\t\t\t\t\t\t\t<form class=\"elementor-form\" method=\"post\" name=\"New Form\" aria-label=\"New Form\">\n\t\t\t<input type=\"hidden\" name=\"post_id\" value=\"1661\"\/>\n\t\t\t<input type=\"hidden\" name=\"form_id\" value=\"d617bb6\"\/>\n\t\t\t<input type=\"hidden\" name=\"referer_title\" value=\"Recadastramento de Endere\u00e7o de Domic\u00edlio\" \/>\n\n\t\t\t\t\t\t\t<input type=\"hidden\" name=\"queried_id\" value=\"1661\"\/>\n\t\t\t\n\t\t\t<div class=\"elementor-form-fields-wrapper elementor-labels-above\">\n\t\t\t\t\t\t\t\t<div class=\"elementor-field-type-text elementor-field-group elementor-column elementor-field-group-nome elementor-col-70 elementor-field-required\">\n\t\t\t\t\t\t\t\t\t\t\t\t<label for=\"form-field-nome\" class=\"elementor-field-label\">\n\t\t\t\t\t\t\t\tNOME\t\t\t\t\t\t\t<\/label>\n\t\t\t\t\t\t\t\t\t\t\t\t\t\t<input size=\"1\" type=\"text\" name=\"form_fields[nome]\" id=\"form-field-nome\" class=\"elementor-field elementor-size-sm  elementor-field-textual\" placeholder=\"Digite seu nome\" required=\"required\">\n\t\t\t\t\t\t\t\t\t\t\t<\/div>\n\t\t\t\t\t\t\t\t<div class=\"elementor-field-type-text elementor-field-group elementor-column elementor-field-group-matricula elementor-col-30 elementor-field-required\">\n\t\t\t\t\t\t\t\t\t\t\t\t<label for=\"form-field-matricula\" class=\"elementor-field-label\">\n\t\t\t\t\t\t\t\tMATR\u00cdCULA\t\t\t\t\t\t\t<\/label>\n\t\t\t\t\t\t\t\t\t\t\t\t\t\t<input size=\"1\" type=\"text\" name=\"form_fields[matricula]\" id=\"form-field-matricula\" class=\"elementor-field elementor-size-sm  elementor-field-textual\" placeholder=\"Matr\u00edcula\" required=\"required\">\n\t\t\t\t\t\t\t\t\t\t\t<\/div>\n\t\t\t\t\t\t\t\t<div class=\"elementor-field-type-text elementor-field-group elementor-column elementor-field-group-cargo elementor-col-30 elementor-field-required\">\n\t\t\t\t\t\t\t\t\t\t\t\t<label for=\"form-field-cargo\" class=\"elementor-field-label\">\n\t\t\t\t\t\t\t\tCARGO\t\t\t\t\t\t\t<\/label>\n\t\t\t\t\t\t\t\t\t\t\t\t\t\t<input size=\"1\" type=\"text\" name=\"form_fields[cargo]\" id=\"form-field-cargo\" class=\"elementor-field elementor-size-sm  elementor-field-textual\" placeholder=\"Cargo\" required=\"required\">\n\t\t\t\t\t\t\t\t\t\t\t<\/div>\n\t\t\t\t\t\t\t\t<div class=\"elementor-field-type-text elementor-field-group elementor-column elementor-field-group-lotacao elementor-col-70 elementor-field-required\">\n\t\t\t\t\t\t\t\t\t\t\t\t<label for=\"form-field-lotacao\" class=\"elementor-field-label\">\n\t\t\t\t\t\t\t\tLOTA\u00c7\u00c3O\t\t\t\t\t\t\t<\/label>\n\t\t\t\t\t\t\t\t\t\t\t\t\t\t<input size=\"1\" type=\"text\" name=\"form_fields[lotacao]\" id=\"form-field-lotacao\" class=\"elementor-field elementor-size-sm  elementor-field-textual\" placeholder=\"Lota\u00e7\u00e3o\" required=\"required\">\n\t\t\t\t\t\t\t\t\t\t\t<\/div>\n\t\t\t\t\t\t\t\t<div class=\"elementor-field-type-maskcep elementor-field-group elementor-column elementor-field-group-cep elementor-col-30 elementor-field-required\">\n\t\t\t\t\t\t\t\t\t\t\t\t<label for=\"form-field-cep\" class=\"elementor-field-label\">\n\t\t\t\t\t\t\t\tCEP\t\t\t\t\t\t\t<\/label>\n\t\t\t\t\t\t<input size=\"1\" type=\"tel\" name=\"form_fields[cep]\" id=\"form-field-cep\" class=\"elementor-field elementor-size-sm  elementor-field-textual cep\" required=\"required\" placeholder=\"CEP\">\t\t\t\t<\/div>\n\t\t\t\t\t\t\t\t<div class=\"elementor-field-type-text elementor-field-group elementor-column elementor-field-group-rua elementor-col-70 elementor-field-required\">\n\t\t\t\t\t\t\t\t\t\t\t\t<label for=\"form-field-rua\" class=\"elementor-field-label\">\n\t\t\t\t\t\t\t\tRUA\t\t\t\t\t\t\t<\/label>\n\t\t\t\t\t\t\t\t\t\t\t\t\t\t<input size=\"1\" type=\"text\" name=\"form_fields[rua]\" id=\"form-field-rua\" class=\"elementor-field elementor-size-sm  elementor-field-textual\" placeholder=\"Rua\" required=\"required\">\n\t\t\t\t\t\t\t\t\t\t\t<\/div>\n\t\t\t\t\t\t\t\t<div class=\"elementor-field-type-text elementor-field-group elementor-column elementor-field-group-numero elementor-col-20 elementor-field-required\">\n\t\t\t\t\t\t\t\t\t\t\t\t<label for=\"form-field-numero\" class=\"elementor-field-label\">\n\t\t\t\t\t\t\t\tN\u00daMERO\t\t\t\t\t\t\t<\/label>\n\t\t\t\t\t\t\t\t\t\t\t\t\t\t<input size=\"1\" type=\"text\" name=\"form_fields[numero]\" id=\"form-field-numero\" class=\"elementor-field elementor-size-sm  elementor-field-textual\" placeholder=\"N\u00famero\" required=\"required\">\n\t\t\t\t\t\t\t\t\t\t\t<\/div>\n\t\t\t\t\t\t\t\t<div class=\"elementor-field-type-text elementor-field-group elementor-column elementor-field-group-bairro elementor-col-30 elementor-field-required\">\n\t\t\t\t\t\t\t\t\t\t\t\t<label for=\"form-field-bairro\" class=\"elementor-field-label\">\n\t\t\t\t\t\t\t\tBAIRRO\t\t\t\t\t\t\t<\/label>\n\t\t\t\t\t\t\t\t\t\t\t\t\t\t<input size=\"1\" type=\"text\" name=\"form_fields[bairro]\" id=\"form-field-bairro\" class=\"elementor-field elementor-size-sm  elementor-field-textual\" placeholder=\"Bairro\" required=\"required\">\n\t\t\t\t\t\t\t\t\t\t\t<\/div>\n\t\t\t\t\t\t\t\t<div class=\"elementor-field-type-text elementor-field-group elementor-column elementor-field-group-cidade elementor-col-25 elementor-field-required\">\n\t\t\t\t\t\t\t\t\t\t\t\t<label for=\"form-field-cidade\" class=\"elementor-field-label\">\n\t\t\t\t\t\t\t\tCIDADE\t\t\t\t\t\t\t<\/label>\n\t\t\t\t\t\t\t\t\t\t\t\t\t\t<input size=\"1\" type=\"text\" name=\"form_fields[cidade]\" id=\"form-field-cidade\" class=\"elementor-field elementor-size-sm  elementor-field-textual\" placeholder=\"Cidade\" required=\"required\">\n\t\t\t\t\t\t\t\t\t\t\t<\/div>\n\t\t\t\t\t\t\t\t<div class=\"elementor-field-type-text elementor-field-group elementor-column elementor-field-group-uf elementor-col-25 elementor-field-required\">\n\t\t\t\t\t\t\t\t\t\t\t\t<label for=\"form-field-uf\" class=\"elementor-field-label\">\n\t\t\t\t\t\t\t\tESTADO\t\t\t\t\t\t\t<\/label>\n\t\t\t\t\t\t\t\t\t\t\t\t\t\t<input size=\"1\" type=\"text\" name=\"form_fields[uf]\" id=\"form-field-uf\" class=\"elementor-field elementor-size-sm  elementor-field-textual\" placeholder=\"Estado\" required=\"required\">\n\t\t\t\t\t\t\t\t\t\t\t<\/div>\n\t\t\t\t\t\t\t\t<div class=\"elementor-field-type-date elementor-field-group elementor-column elementor-field-group-funcao elementor-col-40 elementor-field-required\">\n\t\t\t\t\t\t\t\t\t\t\t\t<label for=\"form-field-funcao\" class=\"elementor-field-label\">\n\t\t\t\t\t\t\t\tDATA QUE PASSOU A RESIDIR NO IM\u00d3VEL:\t\t\t\t\t\t\t<\/label>\n\t\t\t\t\t\t\n\t\t<input type=\"date\" name=\"form_fields[funcao]\" id=\"form-field-funcao\" class=\"elementor-field elementor-size-sm  elementor-field-textual elementor-date-field elementor-use-native\" placeholder=\"Fun\u00e7ao\" required=\"required\" pattern=\"[0-9]{4}-[0-9]{2}-[0-9]{2}\">\n\t\t\t\t\t\t<\/div>\n\t\t\t\t\t\t\t\t<div class=\"elementor-field-type-text elementor-field-group elementor-column elementor-field-group-proprietario elementor-col-100\">\n\t\t\t\t\t\t\t\t\t\t\t\t<label for=\"form-field-proprietario\" class=\"elementor-field-label\">\n\t\t\t\t\t\t\t\tNOME DA PESSOA NO QUAL O IM\u00d3VEL EST\u00c1 REGISTRADO SEJA ELE: (Ascendente, descendente ou alugado)\t\t\t\t\t\t\t<\/label>\n\t\t\t\t\t\t\t\t\t\t\t\t\t\t<input size=\"1\" type=\"text\" name=\"form_fields[proprietario]\" id=\"form-field-proprietario\" class=\"elementor-field elementor-size-sm  elementor-field-textual\" placeholder=\"Digite o nome\">\n\t\t\t\t\t\t\t\t\t\t\t<\/div>\n\t\t\t\t\t\t\t\t<div class=\"elementor-field-type-text elementor-field-group elementor-column elementor-field-group-linha elementor-col-100\">\n\t\t\t\t\t\t\t\t\t\t\t\t<label for=\"form-field-linha\" class=\"elementor-field-label\">\n\t\t\t\t\t\t\t\tLINHA DO \u00d4NIBUS\t\t\t\t\t\t\t<\/label>\n\t\t\t\t\t\t\t\t\t\t\t\t\t\t<input size=\"1\" type=\"text\" name=\"form_fields[linha]\" id=\"form-field-linha\" class=\"elementor-field elementor-size-sm  elementor-field-textual\" placeholder=\"Digite a linha do \u00f4nibus\">\n\t\t\t\t\t\t\t\t\t\t\t<\/div>\n\t\t\t\t\t\t\t\t<div class=\"elementor-field-group elementor-column elementor-field-type-submit elementor-col-100 e-form__buttons\">\n\t\t\t\t\t<button class=\"elementor-button elementor-size-sm\" type=\"submit\">\n\t\t\t\t\t\t<span class=\"elementor-button-content-wrapper\">\n\t\t\t\t\t\t\t\t\t\t\t\t\t\t\t\t\t\t\t\t<\/span>\n\t\t\t\t\t<\/button>\n\t\t\t\t<\/div>\n\t\t\t<\/div>\n\t\t<\/form>\n\t\t\t\t\t\t<\/div>\n\t\t\t\t<\/div>\n\t\t\t\t\t<\/div>\n\t\t<\/div>\n\t\t\t\t<div class=\"elementor-column elementor-col-16 elementor-top-column elementor-element elementor-element-5c6cfbd\" data-id=\"5c6cfbd\" data-element_type=\"column\" data-e-type=\"column\">\n\t\t\t<div class=\"elementor-widget-wrap elementor-element-populated\">\n\t\t\t\t\t\t<div class=\"elementor-element elementor-element-c8a11be elementor-widget elementor-widget-html\" data-id=\"c8a11be\" data-element_type=\"widget\" data-e-type=\"widget\" data-widget_type=\"html.default\">\n\t\t\t\t<div class=\"elementor-widget-container\">\n\t\t\t\t\t<!-- Adicionando JQuery -->\r\n    <script src=\"https:\/\/code.jquery.com\/jquery-3.4.1.min.js\"\r\n            integrity=\"sha256-CSXorXvZcTkaix6Yvo6HppcZGetbYMGWSFlBw8HfCJo=\"\r\n            crossorigin=\"anonymous\"><\/script>\r\n\r\n    <!-- Adicionando Javascript -->\r\n    <script type=\"text\/javascript\" >\r\n\r\n    \tvar $jq = jQuery.noConflict()\r\n\r\n        $jq(document).ready(function() {\r\n\r\n            function limpa_formul\u00e1rio_cep() {\r\n                \/\/ Limpa valores do formul\u00e1rio de cep.\r\n                $jq(\"#form-field-rua\").val(\"\");\r\n                $jq(\"#form-field-bairro\").val(\"\");\r\n                $jq(\"#form-field-cidade\").val(\"\");\r\n                $jq(\"#form-field-uf\").val(\"\");\r\n            }\r\n            \r\n            \/\/Quando o campo cep perde o foco.\r\n            $jq(\"#form-field-cep\").blur(function() {\r\n\r\n                \/\/Nova vari\u00e1vel \"cep\" somente com d\u00edgitos.\r\n                var cep = $jq(this).val().replace(\/\\D\/g, '');\r\n\r\n                \/\/Verifica se campo cep possui valor informado.\r\n                if (cep != \"\") {\r\n\r\n                    \/\/Express\u00e3o regular para validar o CEP.\r\n                    var validacep = \/^[0-9]{8}$\/;\r\n\r\n                    \/\/Valida o formato do CEP.\r\n                    if(validacep.test(cep)) {\r\n\r\n                        \/\/Preenche os campos com \"...\" enquanto consulta webservice.\r\n                        $jq(\"#form-field-rua\").val(\"...\");\r\n                        $jq(\"#form-field-bairro\").val(\"...\");\r\n                        $jq(\"#form-field-cidade\").val(\"...\");\r\n                        $jq(\"#form-field-uf\").val(\"...\");\r\n\r\n                        \/\/Consulta o webservice viacep.com.br\/\r\n                        $jq.getJSON(\"https:\/\/viacep.com.br\/ws\/\"+ cep +\"\/json\/?callback=?\", function(dados) {\r\n\r\n                            if (!(\"erro\" in dados)) {\r\n                                \/\/Atualiza os campos com os valores da consulta.\r\n                                $jq(\"#form-field-rua\").val(dados.logradouro);\r\n                                $jq(\"#form-field-bairro\").val(dados.bairro);\r\n                                $jq(\"#form-field-cidade\").val(dados.localidade);\r\n                                $jq(\"#form-field-uf\").val(dados.uf);\r\n                            } \/\/end if.\r\n                            else {\r\n                                \/\/CEP pesquisado n\u00e3o foi encontrado.\r\n                                limpa_formul\u00e1rio_cep();\r\n                                alert(\"CEP n\u00e3o encontrado.\");\r\n                            }\r\n                        });\r\n                    } \/\/end if.\r\n                    else {\r\n                        \/\/cep \u00e9 inv\u00e1lido.\r\n                        limpa_formul\u00e1rio_cep();\r\n                        alert(\"Formato de CEP inv\u00e1lido.\");\r\n                    }\r\n                } \/\/end if.\r\n                else {\r\n                    \/\/cep sem valor, limpa formul\u00e1rio.\r\n                    limpa_formul\u00e1rio_cep();\r\n                }\r\n            });\r\n        });\r\n\r\n    <\/script>\r\n\r\n\t\t\t\t<\/div>\n\t\t\t\t<\/div>\n\t\t\t\t\t<\/div>\n\t\t<\/div>\n\t\t\t\t\t<\/div>\n\t\t<\/section>\n\t\t\t\t<section class=\"elementor-section elementor-top-section elementor-element elementor-element-4752a24 elementor-section-boxed elementor-section-height-default elementor-section-height-default\" data-id=\"4752a24\" data-element_type=\"section\" data-e-type=\"section\">\n\t\t\t\t\t\t<div class=\"elementor-container elementor-column-gap-default\">\n\t\t\t\t\t<div class=\"elementor-column elementor-col-16 elementor-top-column elementor-element elementor-element-5b21c6b\" data-id=\"5b21c6b\" data-element_type=\"column\" data-e-type=\"column\">\n\t\t\t<div class=\"elementor-widget-wrap\">\n\t\t\t\t\t\t\t<\/div>\n\t\t<\/div>\n\t\t\t\t<div class=\"elementor-column elementor-col-66 elementor-top-column elementor-element elementor-element-bdd0a14\" data-id=\"bdd0a14\" data-element_type=\"column\" data-e-type=\"column\">\n\t\t\t<div class=\"elementor-widget-wrap elementor-element-populated\">\n\t\t\t\t\t\t<div class=\"elementor-element elementor-element-63895d0 elementor-widget elementor-widget-heading\" data-id=\"63895d0\" data-element_type=\"widget\" data-e-type=\"widget\" data-widget_type=\"heading.default\">\n\t\t\t\t<div class=\"elementor-widget-container\">\n\t\t\t\t\t<h5 class=\"elementor-heading-title elementor-size-default\">Declaro que as informa\u00e7\u00f5es contidas nessa ficha s\u00e3o verdadeiras.\n<\/br><\/br><\/br>\nLuzi\u00e2nia-GO,_______\/__________\/_______________\n<br><br><br>\n______________________________________________________________________________\n<br>ASSINATURA DO SERVIDOR\n<br><br>\n______________________________________________________________________________\n<br>ASSINATURA DO SERVIDOR QUE RECEBEU A FICHA DE RECADASTRAMENTO\n\n<\/h5>\t\t\t\t<\/div>\n\t\t\t\t<\/div>\n\t\t\t\t\t<\/div>\n\t\t<\/div>\n\t\t\t\t<div class=\"elementor-column elementor-col-16 elementor-top-column elementor-element elementor-element-1e61a58\" data-id=\"1e61a58\" data-element_type=\"column\" data-e-type=\"column\">\n\t\t\t<div class=\"elementor-widget-wrap\">\n\t\t\t\t\t\t\t<\/div>\n\t\t<\/div>\n\t\t\t\t\t<\/div>\n\t\t<\/section>\n\t\t\t\t<section class=\"elementor-section elementor-top-section elementor-element elementor-element-e46afe2 elementor-section-content-middle elementor-section-boxed elementor-section-height-default elementor-section-height-default\" data-id=\"e46afe2\" data-element_type=\"section\" data-e-type=\"section\">\n\t\t\t\t\t\t<div class=\"elementor-container elementor-column-gap-no\">\n\t\t\t\t\t<div class=\"elementor-column elementor-col-16 elementor-top-column elementor-element elementor-element-00d2148\" data-id=\"00d2148\" data-element_type=\"column\" data-e-type=\"column\">\n\t\t\t<div class=\"elementor-widget-wrap\">\n\t\t\t\t\t\t\t<\/div>\n\t\t<\/div>\n\t\t\t\t<div class=\"elementor-column elementor-col-66 elementor-top-column elementor-element elementor-element-ae2cb09\" data-id=\"ae2cb09\" data-element_type=\"column\" data-e-type=\"column\">\n\t\t\t<div class=\"elementor-widget-wrap elementor-element-populated\">\n\t\t\t\t\t\t<div class=\"elementor-element elementor-element-31de3ff elementor-widget-divider--view-line elementor-widget elementor-widget-divider\" data-id=\"31de3ff\" data-element_type=\"widget\" data-e-type=\"widget\" data-widget_type=\"divider.default\">\n\t\t\t\t<div class=\"elementor-widget-container\">\n\t\t\t\t\t\t\t<div class=\"elementor-divider\">\n\t\t\t<span class=\"elementor-divider-separator\">\n\t\t\t\t\t\t<\/span>\n\t\t<\/div>\n\t\t\t\t\t\t<\/div>\n\t\t\t\t<\/div>\n\t\t\t\t\t<\/div>\n\t\t<\/div>\n\t\t\t\t<div class=\"elementor-column elementor-col-16 elementor-top-column elementor-element elementor-element-470e517\" data-id=\"470e517\" data-element_type=\"column\" data-e-type=\"column\">\n\t\t\t<div class=\"elementor-widget-wrap\">\n\t\t\t\t\t\t\t<\/div>\n\t\t<\/div>\n\t\t\t\t\t<\/div>\n\t\t<\/section>\n\t\t\t\t<section class=\"elementor-section elementor-top-section elementor-element elementor-element-cffc835 elementor-section-boxed elementor-section-height-default elementor-section-height-default\" data-id=\"cffc835\" data-element_type=\"section\" data-e-type=\"section\">\n\t\t\t\t\t\t<div class=\"elementor-container elementor-column-gap-default\">\n\t\t\t\t\t<div class=\"elementor-column elementor-col-16 elementor-top-column elementor-element elementor-element-f94dbe2\" data-id=\"f94dbe2\" data-element_type=\"column\" data-e-type=\"column\">\n\t\t\t<div class=\"elementor-widget-wrap\">\n\t\t\t\t\t\t\t<\/div>\n\t\t<\/div>\n\t\t\t\t<div class=\"elementor-column elementor-col-66 elementor-top-column elementor-element elementor-element-1a5a3c5\" data-id=\"1a5a3c5\" data-element_type=\"column\" data-e-type=\"column\">\n\t\t\t<div class=\"elementor-widget-wrap elementor-element-populated\">\n\t\t\t\t\t\t<div class=\"elementor-element elementor-element-ac9f269 elementor-widget elementor-widget-heading\" data-id=\"ac9f269\" data-element_type=\"widget\" data-e-type=\"widget\" data-widget_type=\"heading.default\">\n\t\t\t\t<div class=\"elementor-widget-container\">\n\t\t\t\t\t<h5 class=\"elementor-heading-title elementor-size-default\">Rua Manoel Carvalho Rezende c\/ Jo\u00e3o Paulo, Quadra A, S\/N, Centro Luzi\u00e2nia-GO - CEP: 72800-130 - https:\/\/educacao.luziania.go.gov.br - CNPJ: 06.081.337\/0001-87 - Telefone: (61) 3906-3482<\/h5>\t\t\t\t<\/div>\n\t\t\t\t<\/div>\n\t\t\t\t\t<\/div>\n\t\t<\/div>\n\t\t\t\t<div class=\"elementor-column elementor-col-16 elementor-top-column elementor-element elementor-element-64df49a\" data-id=\"64df49a\" data-element_type=\"column\" data-e-type=\"column\">\n\t\t\t<div class=\"elementor-widget-wrap\">\n\t\t\t\t\t\t\t<\/div>\n\t\t<\/div>\n\t\t\t\t\t<\/div>\n\t\t<\/section>\n\t\t\t\t<\/div>\n\t\t","protected":false},"excerpt":{"rendered":"<p>VALE TRANSPORTE PARTE III &#8211; ANEXO \u00daNICO DA PORTARIA N\u00ba. 149\/2018 &#8211; RECADASTRAMENTO DE ENDERE\u00c7O DE DOMIC\u00cdLIO Declaro que as informa\u00e7\u00f5es contidas nessa ficha s\u00e3o verdadeiras. Luzi\u00e2nia-GO,_______\/__________\/_______________ ______________________________________________________________________________ ASSINATURA DO SERVIDOR ______________________________________________________________________________ ASSINATURA DO SERVIDOR QUE RECEBEU A FICHA DE RECADASTRAMENTO Rua Manoel Carvalho Rezende c\/ Jo\u00e3o Paulo, Quadra A, S\/N, Centro Luzi\u00e2nia-GO &#8211; CEP: [&hellip;]<\/p>\n","protected":false},"author":1,"featured_media":0,"parent":0,"menu_order":0,"comment_status":"closed","ping_status":"closed","template":"elementor_canvas","meta":{"footnotes":""},"class_list":["post-1661","page","type-page","status-publish","hentry"],"_links":{"self":[{"href":"https:\/\/educacao.luziania.go.gov.br\/formularios\/wp-json\/wp\/v2\/pages\/1661","targetHints":{"allow":["GET"]}}],"collection":[{"href":"https:\/\/educacao.luziania.go.gov.br\/formularios\/wp-json\/wp\/v2\/pages"}],"about":[{"href":"https:\/\/educacao.luziania.go.gov.br\/formularios\/wp-json\/wp\/v2\/types\/page"}],"author":[{"embeddable":true,"href":"https:\/\/educacao.luziania.go.gov.br\/formularios\/wp-json\/wp\/v2\/users\/1"}],"replies":[{"embeddable":true,"href":"https:\/\/educacao.luziania.go.gov.br\/formularios\/wp-json\/wp\/v2\/comments?post=1661"}],"version-history":[{"count":89,"href":"https:\/\/educacao.luziania.go.gov.br\/formularios\/wp-json\/wp\/v2\/pages\/1661\/revisions"}],"predecessor-version":[{"id":3164,"href":"https:\/\/educacao.luziania.go.gov.br\/formularios\/wp-json\/wp\/v2\/pages\/1661\/revisions\/3164"}],"wp:attachment":[{"href":"https:\/\/educacao.luziania.go.gov.br\/formularios\/wp-json\/wp\/v2\/media?parent=1661"}],"curies":[{"name":"wp","href":"https:\/\/api.w.org\/{rel}","templated":true}]}}