{"id":20,"date":"2021-02-11T22:23:10","date_gmt":"2021-02-12T01:23:10","guid":{"rendered":"https:\/\/educacao.luziania.go.gov.br\/ouvidoria\/?page_id=20"},"modified":"2025-02-03T17:50:59","modified_gmt":"2025-02-03T20:50:59","slug":"elementor-20","status":"publish","type":"page","link":"https:\/\/educacao.luziania.go.gov.br\/ouvidoria\/","title":{"rendered":"P\u00e1gina Principal"},"content":{"rendered":"\t\t<div data-elementor-type=\"wp-page\" data-elementor-id=\"20\" class=\"elementor elementor-20\" data-elementor-post-type=\"page\">\n\t\t\t\t\t\t<section class=\"elementor-section elementor-top-section elementor-element elementor-element-e1aca4a elementor-section-boxed elementor-section-height-default elementor-section-height-default\" data-id=\"e1aca4a\" data-element_type=\"section\">\n\t\t\t\t\t\t<div class=\"elementor-container elementor-column-gap-default\">\n\t\t\t\t\t<div class=\"elementor-column elementor-col-100 elementor-top-column elementor-element elementor-element-a1f29ce\" data-id=\"a1f29ce\" data-element_type=\"column\">\n\t\t\t<div class=\"elementor-widget-wrap elementor-element-populated\">\n\t\t\t\t\t\t<div class=\"elementor-element elementor-element-e4f9414 elementor-widget elementor-widget-shortcode\" data-id=\"e4f9414\" data-element_type=\"widget\" data-widget_type=\"shortcode.default\">\n\t\t\t\t<div class=\"elementor-widget-container\">\n\t\t\t\t\t\t\t<div class=\"elementor-shortcode\">\t\t<div data-elementor-type=\"single-page\" data-elementor-id=\"10\" class=\"elementor elementor-10\" data-elementor-post-type=\"elementor_library\">\n\t\t\t\t\t<section class=\"elementor-section elementor-top-section elementor-element elementor-element-b6f276c elementor-section-full_width elementor-section-height-default elementor-section-height-default\" data-id=\"b6f276c\" data-element_type=\"section\">\n\t\t\t\t\t\t<div class=\"elementor-container elementor-column-gap-default\">\n\t\t\t\t\t<div class=\"elementor-column elementor-col-100 elementor-top-column elementor-element elementor-element-370444e\" data-id=\"370444e\" data-element_type=\"column\">\n\t\t\t<div class=\"elementor-widget-wrap elementor-element-populated\">\n\t\t\t\t\t\t<div class=\"elementor-element elementor-element-c289b0e elementor-widget elementor-widget-heading\" data-id=\"c289b0e\" data-element_type=\"widget\" data-widget_type=\"heading.default\">\n\t\t\t\t<div class=\"elementor-widget-container\">\n\t\t\t\t\t<h2 class=\"elementor-heading-title elementor-size-default\">O que voc\u00ea quer fazer?\n<\/h2>\t\t\t\t<\/div>\n\t\t\t\t<\/div>\n\t\t\t\t<section class=\"elementor-section elementor-inner-section elementor-element elementor-element-c4f15e8 elementor-section-height-min-height elementor-section-boxed elementor-section-height-default\" data-id=\"c4f15e8\" data-element_type=\"section\">\n\t\t\t\t\t\t<div class=\"elementor-container elementor-column-gap-default\">\n\t\t\t\t\t<div class=\"elementor-column elementor-col-16 elementor-inner-column elementor-element elementor-element-800ec16\" data-id=\"800ec16\" data-element_type=\"column\">\n\t\t\t<div class=\"elementor-widget-wrap elementor-element-populated\">\n\t\t\t\t\t\t<div class=\"elementor-element elementor-element-e2352df elementor-widget elementor-widget-image\" data-id=\"e2352df\" data-element_type=\"widget\" data-widget_type=\"image.default\">\n\t\t\t\t<div class=\"elementor-widget-container\">\n\t\t\t\t\t\t\t\t\t\t\t\t\t\t\t\t<a href=\"https:\/\/educacao.luziania.go.gov.br\/ouvidoria\/faca-sua-solicitacao\/\">\n\t\t\t\t\t\t\t<img fetchpriority=\"high\" decoding=\"async\" width=\"540\" height=\"540\" src=\"https:\/\/educacao.luziania.go.gov.br\/ouvidoria\/wp-content\/uploads\/2021\/02\/solicitacao.png\" class=\"attachment-full size-full wp-image-14\" alt=\"\" srcset=\"https:\/\/educacao.luziania.go.gov.br\/ouvidoria\/wp-content\/uploads\/2021\/02\/solicitacao.png 540w, https:\/\/educacao.luziania.go.gov.br\/ouvidoria\/wp-content\/uploads\/2021\/02\/solicitacao-300x300.png 300w, https:\/\/educacao.luziania.go.gov.br\/ouvidoria\/wp-content\/uploads\/2021\/02\/solicitacao-150x150.png 150w\" sizes=\"(max-width: 540px) 100vw, 540px\" \/>\t\t\t\t\t\t\t\t<\/a>\n\t\t\t\t\t\t\t\t\t\t\t\t\t\t\t<\/div>\n\t\t\t\t<\/div>\n\t\t\t\t<div class=\"elementor-element elementor-element-5430b03 elementor-widget elementor-widget-heading\" data-id=\"5430b03\" data-element_type=\"widget\" data-widget_type=\"heading.default\">\n\t\t\t\t<div class=\"elementor-widget-container\">\n\t\t\t\t\t<h2 class=\"elementor-heading-title elementor-size-default\"><a href=\"https:\/\/educacao.luziania.go.gov.br\/ouvidoria\/faca-sua-solicitacao\/\">Solicita\u00e7\u00e3o<\/a><\/h2>\t\t\t\t<\/div>\n\t\t\t\t<\/div>\n\t\t\t\t<div class=\"elementor-element elementor-element-02b0c64 elementor-widget elementor-widget-text-editor\" data-id=\"02b0c64\" data-element_type=\"widget\" data-widget_type=\"text-editor.default\">\n\t\t\t\t<div class=\"elementor-widget-container\">\n\t\t\t\t\t\t\t\t\t<p>Pe\u00e7a um atendimento ou uma presta\u00e7\u00e3o de servi\u00e7o.<\/p>\t\t\t\t\t\t\t\t<\/div>\n\t\t\t\t<\/div>\n\t\t\t\t\t<\/div>\n\t\t<\/div>\n\t\t\t\t<div class=\"elementor-column elementor-col-16 elementor-inner-column elementor-element elementor-element-bb50a37\" data-id=\"bb50a37\" data-element_type=\"column\">\n\t\t\t<div class=\"elementor-widget-wrap elementor-element-populated\">\n\t\t\t\t\t\t<div class=\"elementor-element elementor-element-edc6451 elementor-widget elementor-widget-image\" data-id=\"edc6451\" data-element_type=\"widget\" data-widget_type=\"image.default\">\n\t\t\t\t<div class=\"elementor-widget-container\">\n\t\t\t\t\t\t\t\t\t\t\t\t\t\t\t\t<a href=\"https:\/\/educacao.luziania.go.gov.br\/ouvidoria\/faca-seu-elogio\/\">\n\t\t\t\t\t\t\t<img decoding=\"async\" width=\"540\" height=\"540\" src=\"https:\/\/educacao.luziania.go.gov.br\/ouvidoria\/wp-content\/uploads\/2021\/02\/elogio.png\" class=\"attachment-full size-full wp-image-12\" alt=\"\" srcset=\"https:\/\/educacao.luziania.go.gov.br\/ouvidoria\/wp-content\/uploads\/2021\/02\/elogio.png 540w, https:\/\/educacao.luziania.go.gov.br\/ouvidoria\/wp-content\/uploads\/2021\/02\/elogio-300x300.png 300w, https:\/\/educacao.luziania.go.gov.br\/ouvidoria\/wp-content\/uploads\/2021\/02\/elogio-150x150.png 150w\" sizes=\"(max-width: 540px) 100vw, 540px\" \/>\t\t\t\t\t\t\t\t<\/a>\n\t\t\t\t\t\t\t\t\t\t\t\t\t\t\t<\/div>\n\t\t\t\t<\/div>\n\t\t\t\t<div class=\"elementor-element elementor-element-442b368 elementor-widget elementor-widget-heading\" data-id=\"442b368\" data-element_type=\"widget\" data-widget_type=\"heading.default\">\n\t\t\t\t<div class=\"elementor-widget-container\">\n\t\t\t\t\t<h2 class=\"elementor-heading-title elementor-size-default\"><a href=\"https:\/\/educacao.luziania.go.gov.br\/ouvidoria\/faca-seu-elogio\/\">Elogio<\/a><\/h2>\t\t\t\t<\/div>\n\t\t\t\t<\/div>\n\t\t\t\t<div class=\"elementor-element elementor-element-c67fad5 elementor-widget elementor-widget-text-editor\" data-id=\"c67fad5\" data-element_type=\"widget\" data-widget_type=\"text-editor.default\">\n\t\t\t\t<div class=\"elementor-widget-container\">\n\t\t\t\t\t\t\t\t\t<p>Expresse se voc\u00ea est\u00e1 satisfeito com o atendimento p\u00fablico.<\/p>\t\t\t\t\t\t\t\t<\/div>\n\t\t\t\t<\/div>\n\t\t\t\t\t<\/div>\n\t\t<\/div>\n\t\t\t\t<div class=\"elementor-column elementor-col-16 elementor-inner-column elementor-element elementor-element-0af30ed\" data-id=\"0af30ed\" data-element_type=\"column\">\n\t\t\t<div class=\"elementor-widget-wrap elementor-element-populated\">\n\t\t\t\t\t\t<div class=\"elementor-element elementor-element-a5d369f elementor-widget elementor-widget-image\" data-id=\"a5d369f\" data-element_type=\"widget\" data-widget_type=\"image.default\">\n\t\t\t\t<div class=\"elementor-widget-container\">\n\t\t\t\t\t\t\t\t\t\t\t\t\t\t\t\t<a href=\"https:\/\/educacao.luziania.go.gov.br\/ouvidoria\/faca-sua-reclamacao\/\">\n\t\t\t\t\t\t\t<img decoding=\"async\" width=\"540\" height=\"540\" src=\"https:\/\/educacao.luziania.go.gov.br\/ouvidoria\/wp-content\/uploads\/2021\/02\/recalamacao.png\" class=\"attachment-full size-full wp-image-13\" alt=\"\" srcset=\"https:\/\/educacao.luziania.go.gov.br\/ouvidoria\/wp-content\/uploads\/2021\/02\/recalamacao.png 540w, https:\/\/educacao.luziania.go.gov.br\/ouvidoria\/wp-content\/uploads\/2021\/02\/recalamacao-300x300.png 300w, https:\/\/educacao.luziania.go.gov.br\/ouvidoria\/wp-content\/uploads\/2021\/02\/recalamacao-150x150.png 150w\" sizes=\"(max-width: 540px) 100vw, 540px\" \/>\t\t\t\t\t\t\t\t<\/a>\n\t\t\t\t\t\t\t\t\t\t\t\t\t\t\t<\/div>\n\t\t\t\t<\/div>\n\t\t\t\t<div class=\"elementor-element elementor-element-c465911 elementor-widget elementor-widget-heading\" data-id=\"c465911\" data-element_type=\"widget\" data-widget_type=\"heading.default\">\n\t\t\t\t<div class=\"elementor-widget-container\">\n\t\t\t\t\t<h2 class=\"elementor-heading-title elementor-size-default\"><a href=\"https:\/\/educacao.luziania.go.gov.br\/ouvidoria\/faca-sua-reclamacao\/\">Reclama\u00e7\u00e3o<\/a><\/h2>\t\t\t\t<\/div>\n\t\t\t\t<\/div>\n\t\t\t\t<div class=\"elementor-element elementor-element-f885840 elementor-widget elementor-widget-text-editor\" data-id=\"f885840\" data-element_type=\"widget\" data-widget_type=\"text-editor.default\">\n\t\t\t\t<div class=\"elementor-widget-container\">\n\t\t\t\t\t\t\t\t\t<p>Manifeste sua insatisfa\u00e7\u00e3o\u00a0 com o servi\u00e7o p\u00fablico.<\/p>\t\t\t\t\t\t\t\t<\/div>\n\t\t\t\t<\/div>\n\t\t\t\t\t<\/div>\n\t\t<\/div>\n\t\t\t\t<div class=\"elementor-column elementor-col-16 elementor-inner-column elementor-element elementor-element-806d780\" data-id=\"806d780\" data-element_type=\"column\">\n\t\t\t<div class=\"elementor-widget-wrap elementor-element-populated\">\n\t\t\t\t\t\t<div class=\"elementor-element elementor-element-6aca163 elementor-widget elementor-widget-image\" data-id=\"6aca163\" data-element_type=\"widget\" data-widget_type=\"image.default\">\n\t\t\t\t<div class=\"elementor-widget-container\">\n\t\t\t\t\t\t\t\t\t\t\t\t\t\t\t\t<a href=\"https:\/\/educacao.luziania.go.gov.br\/ouvidoria\/faca-sua-sugestao\/\">\n\t\t\t\t\t\t\t<img loading=\"lazy\" decoding=\"async\" width=\"540\" height=\"540\" src=\"https:\/\/educacao.luziania.go.gov.br\/ouvidoria\/wp-content\/uploads\/2021\/02\/sugestao.png\" class=\"attachment-full size-full wp-image-15\" alt=\"\" srcset=\"https:\/\/educacao.luziania.go.gov.br\/ouvidoria\/wp-content\/uploads\/2021\/02\/sugestao.png 540w, https:\/\/educacao.luziania.go.gov.br\/ouvidoria\/wp-content\/uploads\/2021\/02\/sugestao-300x300.png 300w, https:\/\/educacao.luziania.go.gov.br\/ouvidoria\/wp-content\/uploads\/2021\/02\/sugestao-150x150.png 150w\" sizes=\"(max-width: 540px) 100vw, 540px\" \/>\t\t\t\t\t\t\t\t<\/a>\n\t\t\t\t\t\t\t\t\t\t\t\t\t\t\t<\/div>\n\t\t\t\t<\/div>\n\t\t\t\t<div class=\"elementor-element elementor-element-b29fd3a elementor-widget elementor-widget-heading\" data-id=\"b29fd3a\" data-element_type=\"widget\" data-widget_type=\"heading.default\">\n\t\t\t\t<div class=\"elementor-widget-container\">\n\t\t\t\t\t<h2 class=\"elementor-heading-title elementor-size-default\"><a href=\"https:\/\/educacao.luziania.go.gov.br\/ouvidoria\/faca-sua-sugestao\/\">Sugest\u00e3o<\/a><\/h2>\t\t\t\t<\/div>\n\t\t\t\t<\/div>\n\t\t\t\t<div class=\"elementor-element elementor-element-0969e51 elementor-widget elementor-widget-text-editor\" data-id=\"0969e51\" data-element_type=\"widget\" data-widget_type=\"text-editor.default\">\n\t\t\t\t<div class=\"elementor-widget-container\">\n\t\t\t\t\t\t\t\t\t<p>Envie uma ideia ou proposta de melhoria para o servi\u00e7o p\u00fablico.<\/p>\t\t\t\t\t\t\t\t<\/div>\n\t\t\t\t<\/div>\n\t\t\t\t\t<\/div>\n\t\t<\/div>\n\t\t\t\t<div class=\"elementor-column elementor-col-16 elementor-inner-column elementor-element elementor-element-40684d4\" data-id=\"40684d4\" data-element_type=\"column\">\n\t\t\t<div class=\"elementor-widget-wrap elementor-element-populated\">\n\t\t\t\t\t\t<div class=\"elementor-element elementor-element-554fcb7 elementor-widget elementor-widget-image\" data-id=\"554fcb7\" data-element_type=\"widget\" data-widget_type=\"image.default\">\n\t\t\t\t<div class=\"elementor-widget-container\">\n\t\t\t\t\t\t\t\t\t\t\t\t\t\t\t\t<a href=\"https:\/\/educacao.luziania.go.gov.br\/ouvidoria\/faca-sua-denuncia\/\">\n\t\t\t\t\t\t\t<img loading=\"lazy\" decoding=\"async\" width=\"540\" height=\"540\" src=\"https:\/\/educacao.luziania.go.gov.br\/ouvidoria\/wp-content\/uploads\/2021\/02\/denuncia.png\" class=\"attachment-full size-full wp-image-11\" alt=\"\" srcset=\"https:\/\/educacao.luziania.go.gov.br\/ouvidoria\/wp-content\/uploads\/2021\/02\/denuncia.png 540w, https:\/\/educacao.luziania.go.gov.br\/ouvidoria\/wp-content\/uploads\/2021\/02\/denuncia-300x300.png 300w, https:\/\/educacao.luziania.go.gov.br\/ouvidoria\/wp-content\/uploads\/2021\/02\/denuncia-150x150.png 150w\" sizes=\"(max-width: 540px) 100vw, 540px\" \/>\t\t\t\t\t\t\t\t<\/a>\n\t\t\t\t\t\t\t\t\t\t\t\t\t\t\t<\/div>\n\t\t\t\t<\/div>\n\t\t\t\t<div class=\"elementor-element elementor-element-58ebf86 elementor-widget elementor-widget-heading\" data-id=\"58ebf86\" data-element_type=\"widget\" data-widget_type=\"heading.default\">\n\t\t\t\t<div class=\"elementor-widget-container\">\n\t\t\t\t\t<h2 class=\"elementor-heading-title elementor-size-default\"><a href=\"https:\/\/educacao.luziania.go.gov.br\/ouvidoria\/faca-sua-denuncia\/\">Den\u00fancia<\/a><\/h2>\t\t\t\t<\/div>\n\t\t\t\t<\/div>\n\t\t\t\t<div class=\"elementor-element elementor-element-aecfe92 elementor-widget elementor-widget-text-editor\" data-id=\"aecfe92\" data-element_type=\"widget\" data-widget_type=\"text-editor.default\">\n\t\t\t\t<div class=\"elementor-widget-container\">\n\t\t\t\t\t\t\t\t\t<p>Comunica um ato il\u00edcito praticado contra a Administra\u00e7\u00e3o P\u00fablica.<\/p>\t\t\t\t\t\t\t\t<\/div>\n\t\t\t\t<\/div>\n\t\t\t\t\t<\/div>\n\t\t<\/div>\n\t\t\t\t<div class=\"elementor-column elementor-col-16 elementor-inner-column elementor-element elementor-element-b4b8dd6\" data-id=\"b4b8dd6\" data-element_type=\"column\">\n\t\t\t<div class=\"elementor-widget-wrap elementor-element-populated\">\n\t\t\t\t\t\t<div class=\"elementor-element elementor-element-c8de0c8 elementor-widget elementor-widget-image\" data-id=\"c8de0c8\" data-element_type=\"widget\" data-widget_type=\"image.default\">\n\t\t\t\t<div class=\"elementor-widget-container\">\n\t\t\t\t\t\t\t\t\t\t\t\t\t\t\t\t<a href=\"https:\/\/educacao.luziania.go.gov.br\/ouvidoria\/anonimo\/\">\n\t\t\t\t\t\t\t<img loading=\"lazy\" decoding=\"async\" width=\"540\" height=\"540\" src=\"https:\/\/educacao.luziania.go.gov.br\/ouvidoria\/wp-content\/uploads\/2021\/02\/anonimo.png\" class=\"attachment-full size-full wp-image-312\" alt=\"\" srcset=\"https:\/\/educacao.luziania.go.gov.br\/ouvidoria\/wp-content\/uploads\/2021\/02\/anonimo.png 540w, https:\/\/educacao.luziania.go.gov.br\/ouvidoria\/wp-content\/uploads\/2021\/02\/anonimo-300x300.png 300w, https:\/\/educacao.luziania.go.gov.br\/ouvidoria\/wp-content\/uploads\/2021\/02\/anonimo-150x150.png 150w\" sizes=\"(max-width: 540px) 100vw, 540px\" \/>\t\t\t\t\t\t\t\t<\/a>\n\t\t\t\t\t\t\t\t\t\t\t\t\t\t\t<\/div>\n\t\t\t\t<\/div>\n\t\t\t\t<div class=\"elementor-element elementor-element-b33bc39 elementor-widget elementor-widget-heading\" data-id=\"b33bc39\" data-element_type=\"widget\" data-widget_type=\"heading.default\">\n\t\t\t\t<div class=\"elementor-widget-container\">\n\t\t\t\t\t<h2 class=\"elementor-heading-title elementor-size-default\"><a href=\"https:\/\/educacao.luziania.go.gov.br\/ouvidoria\/anonimo\/\">An\u00f4nima<\/a><\/h2>\t\t\t\t<\/div>\n\t\t\t\t<\/div>\n\t\t\t\t<div class=\"elementor-element elementor-element-19d33ec elementor-widget elementor-widget-text-editor\" data-id=\"19d33ec\" data-element_type=\"widget\" data-widget_type=\"text-editor.default\">\n\t\t\t\t<div class=\"elementor-widget-container\">\n\t\t\t\t\t\t\t\t\t<p>Envie um formul\u00e1rio como an\u00f4nimo caso n\u00e3o queira se identificar.<\/p>\t\t\t\t\t\t\t\t<\/div>\n\t\t\t\t<\/div>\n\t\t\t\t\t<\/div>\n\t\t<\/div>\n\t\t\t\t\t<\/div>\n\t\t<\/section>\n\t\t\t\t\t<\/div>\n\t\t<\/div>\n\t\t\t\t\t<\/div>\n\t\t<\/section>\n\t\t\t\t<\/div>\n\t\t<\/div>\n\t\t\t\t\t\t<\/div>\n\t\t\t\t<\/div>\n\t\t\t\t\t<\/div>\n\t\t<\/div>\n\t\t\t\t\t<\/div>\n\t\t<\/section>\n\t\t\t\t<\/div>\n\t\t","protected":false},"excerpt":{"rendered":"","protected":false},"author":1,"featured_media":0,"parent":0,"menu_order":0,"comment_status":"closed","ping_status":"closed","template":"","meta":{"footnotes":""},"class_list":["post-20","page","type-page","status-publish","hentry"],"_links":{"self":[{"href":"https:\/\/educacao.luziania.go.gov.br\/ouvidoria\/wp-json\/wp\/v2\/pages\/20","targetHints":{"allow":["GET"]}}],"collection":[{"href":"https:\/\/educacao.luziania.go.gov.br\/ouvidoria\/wp-json\/wp\/v2\/pages"}],"about":[{"href":"https:\/\/educacao.luziania.go.gov.br\/ouvidoria\/wp-json\/wp\/v2\/types\/page"}],"author":[{"embeddable":true,"href":"https:\/\/educacao.luziania.go.gov.br\/ouvidoria\/wp-json\/wp\/v2\/users\/1"}],"replies":[{"embeddable":true,"href":"https:\/\/educacao.luziania.go.gov.br\/ouvidoria\/wp-json\/wp\/v2\/comments?post=20"}],"version-history":[{"count":9,"href":"https:\/\/educacao.luziania.go.gov.br\/ouvidoria\/wp-json\/wp\/v2\/pages\/20\/revisions"}],"predecessor-version":[{"id":413,"href":"https:\/\/educacao.luziania.go.gov.br\/ouvidoria\/wp-json\/wp\/v2\/pages\/20\/revisions\/413"}],"wp:attachment":[{"href":"https:\/\/educacao.luziania.go.gov.br\/ouvidoria\/wp-json\/wp\/v2\/media?parent=20"}],"curies":[{"name":"wp","href":"https:\/\/api.w.org\/{rel}","templated":true}]}}