{"id":53,"date":"2021-02-12T22:48:03","date_gmt":"2021-02-13T01:48:03","guid":{"rendered":"https:\/\/educacao.luziania.go.gov.br\/ouvidoria\/?page_id=53"},"modified":"2021-02-14T09:22:43","modified_gmt":"2021-02-14T12:22:43","slug":"faca-seu-elogio","status":"publish","type":"page","link":"https:\/\/educacao.luziania.go.gov.br\/ouvidoria\/faca-seu-elogio\/","title":{"rendered":"Fa\u00e7a seu elogio"},"content":{"rendered":"\t\t<div data-elementor-type=\"wp-page\" data-elementor-id=\"53\" class=\"elementor elementor-53\" data-elementor-post-type=\"page\">\n\t\t\t\t\t\t<section class=\"elementor-section elementor-top-section elementor-element elementor-element-1471aed elementor-section-boxed elementor-section-height-default elementor-section-height-default\" data-id=\"1471aed\" data-element_type=\"section\">\n\t\t\t\t\t\t<div class=\"elementor-container elementor-column-gap-default\">\n\t\t\t\t\t<div class=\"elementor-column elementor-col-100 elementor-top-column elementor-element elementor-element-e82df1f\" data-id=\"e82df1f\" data-element_type=\"column\">\n\t\t\t<div class=\"elementor-widget-wrap elementor-element-populated\">\n\t\t\t\t\t\t<div class=\"elementor-element elementor-element-10303c5 elementor-widget elementor-widget-heading\" data-id=\"10303c5\" data-element_type=\"widget\" data-widget_type=\"heading.default\">\n\t\t\t\t<div class=\"elementor-widget-container\">\n\t\t\t\t\t<h2 class=\"elementor-heading-title elementor-size-default\">Preenche o formul\u00e1rio e envie seu ELOGIO!<\/h2>\t\t\t\t<\/div>\n\t\t\t\t<\/div>\n\t\t\t\t\t<\/div>\n\t\t<\/div>\n\t\t\t\t\t<\/div>\n\t\t<\/section>\n\t\t\t\t<section class=\"elementor-section elementor-top-section elementor-element elementor-element-049c30c elementor-section-boxed elementor-section-height-default elementor-section-height-default\" data-id=\"049c30c\" data-element_type=\"section\">\n\t\t\t\t\t\t<div class=\"elementor-container elementor-column-gap-default\">\n\t\t\t\t\t<div class=\"elementor-column elementor-col-100 elementor-top-column elementor-element elementor-element-59622ec\" data-id=\"59622ec\" data-element_type=\"column\">\n\t\t\t<div class=\"elementor-widget-wrap elementor-element-populated\">\n\t\t\t\t\t\t<div class=\"elementor-element elementor-element-30e652d elementor-widget elementor-widget-shortcode\" data-id=\"30e652d\" data-element_type=\"widget\" data-widget_type=\"shortcode.default\">\n\t\t\t\t<div class=\"elementor-widget-container\">\n\t\t\t\t\t\t\t<div class=\"elementor-shortcode\">\t\t<div data-elementor-type=\"single-page\" data-elementor-id=\"50\" class=\"elementor elementor-50\" data-elementor-post-type=\"elementor_library\">\n\t\t\t\t\t<section class=\"elementor-section elementor-top-section elementor-element elementor-element-d2de4ba elementor-section-boxed elementor-section-height-default elementor-section-height-default\" data-id=\"d2de4ba\" data-element_type=\"section\">\n\t\t\t\t\t\t<div class=\"elementor-container elementor-column-gap-default\">\n\t\t\t\t\t<div class=\"elementor-column elementor-col-100 elementor-top-column elementor-element elementor-element-a71fee7\" data-id=\"a71fee7\" data-element_type=\"column\">\n\t\t\t<div class=\"elementor-widget-wrap elementor-element-populated\">\n\t\t\t\t\t\t<div class=\"elementor-element elementor-element-fe081b1 elementor-widget elementor-widget-shortcode\" data-id=\"fe081b1\" data-element_type=\"widget\" data-widget_type=\"shortcode.default\">\n\t\t\t\t<div class=\"elementor-widget-container\">\n\t\t\t\t\t\t\t<div class=\"elementor-shortcode\"><div class='fluentform ff-default fluentform_wrapper_8 ffs_modern_l_wrap'><form data-form_id=\"8\" id=\"fluentform_8\" class=\"frm-fluent-form fluent_form_8 ff-el-form-top ff_form_instance_8_1 ff-form-loading ffs_modern_l\" data-form_instance=\"ff_form_instance_8_1\" method=\"POST\" ><fieldset  style=\"border: none!important;margin: 0!important;padding: 0!important;background-color: transparent!important;box-shadow: none!important;outline: none!important; min-inline-size: 100%;\">\n                    <legend class=\"ff_screen_reader_title\" style=\"display: block; margin: 0!important;padding: 0!important;height: 0!important;text-indent: -999999px;width: 0!important;overflow:hidden;\">Formulario de Elogio<\/legend><input type='hidden' name='__fluent_form_embded_post_id' value='53' \/><input type=\"hidden\" id=\"_fluentform_8_fluentformnonce\" name=\"_fluentform_8_fluentformnonce\" value=\"cdf8a26be6\" \/><input type=\"hidden\" name=\"_wp_http_referer\" value=\"\/ouvidoria\/wp-json\/wp\/v2\/pages\/53\" \/><div data-type=\"name-element\" data-name=\"names\" class=\" ff-field_container ff-name-field-wrapper\" ><div class='ff-t-container'><div class='ff-t-cell '><div class='ff-el-group  ff-el-form-hide_label'><div class=\"ff-el-input--label ff-el-is-required asterisk-right\"><label for='ff_8_names_first_name_' >Nome<\/label><\/div><div class='ff-el-input--content'><input type=\"text\" name=\"names[first_name]\" id=\"ff_8_names_first_name_\" class=\"ff-el-form-control\" placeholder=\"Digite seu nome\" aria-invalid=\"false\" aria-required=true><\/div><\/div><\/div><div class='ff-t-cell '><div class='ff-el-group  ff-el-form-hide_label'><div class=\"ff-el-input--label ff-el-is-required asterisk-right\"><label for='ff_8_names_last_name_' >Sobrenome<\/label><\/div><div class='ff-el-input--content'><input type=\"text\" name=\"names[last_name]\" id=\"ff_8_names_last_name_\" class=\"ff-el-form-control\" placeholder=\"Digite seu sobrenome\" aria-invalid=\"false\" aria-required=true><\/div><\/div><\/div><\/div><\/div><div class='ff-el-group ff-el-form-hide_label'><div class=\"ff-el-input--label ff-el-is-required asterisk-right\"><label for='ff_8_email' aria-label=\"Email\">Email<\/label><\/div><div class='ff-el-input--content'><input type=\"email\" name=\"email\" id=\"ff_8_email\" class=\"ff-el-form-control\" placeholder=\"Digite seu melhor email\" data-name=\"email\"  aria-invalid=\"false\" aria-required=true><\/div><\/div><div class='ff-el-group ff-el-form-hide_label'><div class=\"ff-el-input--label ff-el-is-required asterisk-right\"><label for='ff_8_input_mask' aria-label=\"Telefone | Celular\">Telefone | Celular<\/label><\/div><div class='ff-el-input--content'><input type=\"text\" name=\"input_mask\" data-mask=\"(99)99999-9999\" class=\"ff-el-form-control\" placeholder=\"Telefone | Celular - Ex: 61999999999 &quot;sem par\u00eanteses e sem tra\u00e7o&quot;\" data-name=\"input_mask\" id=\"ff_8_input_mask\"  aria-invalid=\"false\" aria-required=true><\/div><\/div><div class='ff-el-group ff-el-form-hide_label'><div class=\"ff-el-input--label asterisk-right\"><label for='ff_8_dropdown_1' aria-label=\"Secretaria Municipal de Educa\u00e7\u00e3o\">Secretaria Municipal de Educa\u00e7\u00e3o <\/label><\/div><div class='ff-el-input--content'><select name=\"dropdown_1\" id=\"ff_8_dropdown_1\" class=\"ff-el-form-control\" data-name=\"dropdown_1\" data-calc_value=\"0\"  aria-invalid=\"false\" aria-required=false><option value=\"\">Unidade Administrativa<\/option><option value=\"Secretaria de Educa\u00e7\u00e3o\"  >Secretaria de Educa\u00e7\u00e3o<\/option><\/select><\/div><\/div><div class='ff-el-group ff-el-form-hide_label'><div class=\"ff-el-input--label asterisk-right\"><label for='ff_8_dropdown_3' aria-label=\"Biblioteca P\u00fablica Municipal\">Biblioteca P\u00fablica Municipal<\/label><\/div><div class='ff-el-input--content'><select name=\"dropdown_3\" id=\"ff_8_dropdown_3\" class=\"ff-el-form-control\" data-name=\"dropdown_3\" data-calc_value=\"0\"  aria-invalid=\"false\" aria-required=false><option value=\"\">Biblioteca P\u00fablica Municipal<\/option><option value=\"Biblioteca P\u00fablica\"  >Biblioteca P\u00fablica<\/option><\/select><\/div><\/div><div class='ff-el-group ff-el-form-hide_label'><div class=\"ff-el-input--label asterisk-right\"><label for='ff_8_dropdown' aria-label=\"Escola de Ensino Fundamental\">Escola de Ensino Fundamental<\/label><\/div><div class='ff-el-input--content'><select name=\"dropdown\" id=\"ff_8_dropdown\" class=\"ff-el-form-control\" data-name=\"dropdown\" data-calc_value=\"0\"  aria-invalid=\"false\" aria-required=false><option value=\"\">Ensino Fundamental<\/option><option value=\"CMEB Alda Vieira de Souza - MINGONE I\"  >CMEB Alda Vieira de Souza - MINGONE I<\/option><option value=\"CMEB Flamboyant Alzira Elvira Xavier - FLAMBOYANT\"  >CMEB Flamboyant Alzira Elvira Xavier - FLAMBOYANT<\/option><option value=\"CMEB Andr\u00e9 Rochais - ANDR\u00c9 ROCHAIS\"  >CMEB Andr\u00e9 Rochais - ANDR\u00c9 ROCHAIS<\/option><option value=\"CMEB Ana Reis Meireles - ANA REIS\"  >CMEB Ana Reis Meireles - ANA REIS<\/option><option value=\"CMEB Carlos Alberto Brand\u00e3o Ferreira - PADRE TETO\"  >CMEB Carlos Alberto Brand\u00e3o Ferreira - PADRE TETO<\/option><option value=\"CMEB Cora Coralina - CORA CORALINA\"  >CMEB Cora Coralina - CORA CORALINA<\/option><option value=\"CMEB Dom Agostinho - DOM AGOSTINHO\"  >CMEB Dom Agostinho - DOM AGOSTINHO<\/option><option value=\"CMEB Dom Bosco - DOM BOSCO\"  >CMEB Dom Bosco - DOM BOSCO<\/option><option value=\"CMEB Dona Geni da Costa Afonso - DONA GENI\"  >CMEB Dona Geni da Costa Afonso - DONA GENI<\/option><option value=\"CMEB Dona Nina - JARDIM PLANALTO\"  >CMEB Dona Nina - JARDIM PLANALTO<\/option><option value=\"CMEB Eleuza Aparecida de Paiva Neto - ELEUZA APARECIDA\"  >CMEB Eleuza Aparecida de Paiva Neto - ELEUZA APARECIDA<\/option><option value=\"Escola Esp\u00edrita Gilson Mendon\u00e7a Henrique -  GILSON MENDON\u00c7A\"  >Escola Esp\u00edrita Gilson Mendon\u00e7a Henrique -  GILSON MENDON\u00c7A<\/option><option value=\"CMEB Francisco Vieira Lins - NALDO\"  >CMEB Francisco Vieira Lins - NALDO<\/option><option value=\"CMEB Getulio Jos\u00e9 da Costa - GET\u00daLIO JOS\u00c9\"  >CMEB Getulio Jos\u00e9 da Costa - GET\u00daLIO JOS\u00c9<\/option><option value=\"CMEB Kelly Susan - KELLY SUSAN\"  >CMEB Kelly Susan - KELLY SUSAN<\/option><option value=\"CMEB Laudimiro Roriz - LAUDIMIRO RORIZ\"  >CMEB Laudimiro Roriz - LAUDIMIRO RORIZ<\/option><option value=\"CMEB Manoel Fernandes - MANOEL FERNANDES\"  >CMEB Manoel Fernandes - MANOEL FERNANDES<\/option><option value=\"CMEB Marc\u00edlio Dias - DALVA X\"  >CMEB Marc\u00edlio Dias - DALVA X<\/option><option value=\"CMEB Maria de Nondas - CAIC\"  >CMEB Maria de Nondas - CAIC<\/option><option value=\"CMEB Natalia Aparecida Louzada Alves - NAT\u00c1LIA APARECIDA\"  >CMEB Natalia Aparecida Louzada Alves - NAT\u00c1LIA APARECIDA<\/option><option value=\"CMEB Vera L\u00facia de Oliveira - OSFAYA\"  >CMEB Vera L\u00facia de Oliveira - OSFAYA<\/option><option value=\"CMEB Prof\u00aa Edinir Celeste Roriz Lima - PALHO\u00c7A\"  >CMEB Prof\u00aa Edinir Celeste Roriz Lima - PALHO\u00c7A<\/option><option value=\"CMEB Eva Marra Rocha - EVA MARRA\"  >CMEB Eva Marra Rocha - EVA MARRA<\/option><option value=\"CMEB  Geralda Divina Lopes Neto - DALVA VII\"  >CMEB  Geralda Divina Lopes Neto - DALVA VII<\/option><option value=\"CMEB de Tempo Integral Ant\u00f4nio Farias de Mesquita - ANT\u00d4NIO FARIAS\"  >CMEB de Tempo Integral Ant\u00f4nio Farias de Mesquita - ANT\u00d4NIO FARIAS<\/option><option value=\"CMEB  Ilka de Meireles - ILKA MEIRELES\"  >CMEB  Ilka de Meireles - ILKA MEIRELES<\/option><option value=\"CMEB  Joana D\u2019arc Maciel de Leles - JOANA D&#039;ARC\"  >CMEB  Joana D\u2019arc Maciel de Leles - JOANA D'ARC<\/option><option value=\"CMEB  Maria Clarice Meireles de Queiroz-KENNEDY\"  >CMEB  Maria Clarice Meireles de Queiroz-KENNEDY<\/option><option value=\"CMEB Prof\u00ba Belim - BELIM\"  >CMEB Prof\u00ba Belim - BELIM<\/option><option value=\"CMEB Prof\u00ba Ismar Gon\u00e7alves - ISMAR GON\u00c7ALVES\"  >CMEB Prof\u00ba Ismar Gon\u00e7alves - ISMAR GON\u00c7ALVES<\/option><option value=\"CMEB Joaquim Gilberto - JOAQUIM GILBERTO\"  >CMEB Joaquim Gilberto - JOAQUIM GILBERTO<\/option><option value=\"CMEB Sebasti\u00e3o Machado de Ara\u00fajo - SEBASTI\u00c3O MACHADO\"  >CMEB Sebasti\u00e3o Machado de Ara\u00fajo - SEBASTI\u00c3O MACHADO<\/option><option value=\"1\u00aa Escola P\u00f3lo Municipal  Rural- REALINO CAIXETA\"  >1\u00aa Escola P\u00f3lo Municipal  Rural- REALINO CAIXETA<\/option><option value=\"2\u00aa Escola P\u00f3lo Municipal Rural - DARCY RIBEIRO\"  >2\u00aa Escola P\u00f3lo Municipal Rural - DARCY RIBEIRO<\/option><option value=\"3\u00aa Escola  P\u00f3lo Municipal Rural Araras - NAIR TIECHER\"  >3\u00aa Escola  P\u00f3lo Municipal Rural Araras - NAIR TIECHER<\/option><option value=\"4\u00aa Escola P\u00f3lo Municipal Rural - AMERICANOS\"  >4\u00aa Escola P\u00f3lo Municipal Rural - AMERICANOS<\/option><option value=\"5 \u00aa Escola P\u00f3lo Municipal  Rural da BR-040 - Hort\u00eancia Maria Felacio - HORT\u00caNCIA\"  >5 \u00aa Escola P\u00f3lo Municipal  Rural da BR-040 - Hort\u00eancia Maria Felacio - HORT\u00caNCIA<\/option><option value=\"6\u00aa Escola P\u00f3lo Municipal Rural - JOS\u00c9 RODRIGUES\"  >6\u00aa Escola P\u00f3lo Municipal Rural - JOS\u00c9 RODRIGUES<\/option><option value=\"CMEB Ramiro Aguiar - RAMIRO AGUIAR\"  >CMEB Ramiro Aguiar - RAMIRO AGUIAR<\/option><option value=\"CMEB Rita Gon\u00e7alves de Farias - S\u00c3O CAETANO\"  >CMEB Rita Gon\u00e7alves de Farias - S\u00c3O CAETANO<\/option><option value=\"CMEB Marlene Flores de Ara\u00fajo - SANTA F\u00c9\"  >CMEB Marlene Flores de Ara\u00fajo - SANTA F\u00c9<\/option><option value=\"Escola S\u00e3o Mateus - S\u00c3O MATEUS\"  >Escola S\u00e3o Mateus - S\u00c3O MATEUS<\/option><option value=\"CMEB Silas Santos J\u00fanior - SILAS SANTOS\"  >CMEB Silas Santos J\u00fanior - SILAS SANTOS<\/option><option value=\"1\u00ba Escola de Tempo Integral - Laudimirio de Jesus Tormim - TEMPO INTEGRAL\"  >1\u00ba Escola de Tempo Integral - Laudimirio de Jesus Tormim - TEMPO INTEGRAL<\/option><option value=\"Escola Municipal Maria Lucinda Leite - MARIA LUCINDA\"  >Escola Municipal Maria Lucinda Leite - MARIA LUCINDA<\/option><\/select><\/div><\/div><div class='ff-el-group ff-el-form-hide_label'><div class=\"ff-el-input--label asterisk-right\"><label for='ff_8_dropdown_2' aria-label=\"Escola de Educa\u00e7\u00e3o Infantil\">Escola de Educa\u00e7\u00e3o Infantil<\/label><\/div><div class='ff-el-input--content'><select name=\"dropdown_2\" id=\"ff_8_dropdown_2\" class=\"ff-el-form-control\" data-name=\"dropdown_2\" data-calc_value=\"0\"  aria-invalid=\"false\" aria-required=false><option value=\"\">Educa\u00e7\u00e3o Infantil<\/option><option value=\"CMEI Carlinda Rosa de Barros Machado - CARLINDA ROSA\"  >CMEI Carlinda Rosa de Barros Machado - CARLINDA ROSA<\/option><option value=\"CMEI Lydia Heringer Emerick - LYDIA EMERICK\"  >CMEI Lydia Heringer Emerick - LYDIA EMERICK<\/option><option value=\"CMEI Prof\u00aa Aglaia Costa Lima - AGLAIA\"  >CMEI Prof\u00aa Aglaia Costa Lima - AGLAIA<\/option><option value=\"CMEI Jos\u00e9 Ant\u00f4nio da Rocha - JOS\u00c9 ANT\u00d4NIO\"  >CMEI Jos\u00e9 Ant\u00f4nio da Rocha - JOS\u00c9 ANT\u00d4NIO<\/option><option value=\"CMEI Jardim do \u00c9den - JARDIM DO \u00c9DEN\"  >CMEI Jardim do \u00c9den - JARDIM DO \u00c9DEN<\/option><option value=\"Educand\u00e1rio Esp\u00edrita M\u00aa de Nazar\u00e9 - EDUCAND\u00c1RIO\"  >Educand\u00e1rio Esp\u00edrita M\u00aa de Nazar\u00e9 - EDUCAND\u00c1RIO<\/option><option value=\"CMEI Ant\u00f4nio Sebasti\u00e3o da Silva - ANT\u00d4NIO SEBASTI\u00c3O\"  >CMEI Ant\u00f4nio Sebasti\u00e3o da Silva - ANT\u00d4NIO SEBASTI\u00c3O<\/option><option value=\"CMEI Prof\u00aa N\u00e9lia de Almeida Rodrigues - N\u00c9LIA DE ALMEIDA\"  >CMEI Prof\u00aa N\u00e9lia de Almeida Rodrigues - N\u00c9LIA DE ALMEIDA<\/option><option value=\"CMEI C\u00e9lia dos Santos Oliveira de Jesus - C\u00c9LIA SANTOS\"  >CMEI C\u00e9lia dos Santos Oliveira de Jesus - C\u00c9LIA SANTOS<\/option><option value=\"CMEI Cl\u00e1udia Rosa Gomes Peixoto - CL\u00c1UDIA ROSA\"  >CMEI Cl\u00e1udia Rosa Gomes Peixoto - CL\u00c1UDIA ROSA<\/option><option value=\"CMEI D\u00e9bora Gomes de Azeredo - D\u00c9BORA GOMES\"  >CMEI D\u00e9bora Gomes de Azeredo - D\u00c9BORA GOMES<\/option><option value=\"CMEI Dona Luzia Pereira dos Santos - DONA LUZIA\"  >CMEI Dona Luzia Pereira dos Santos - DONA LUZIA<\/option><option value=\"CMEI Dona Nenzica - DONA NENZICA\"  >CMEI Dona Nenzica - DONA NENZICA<\/option><option value=\"CMEI Ivo J\u00falio Meireles - IVO J\u00daLIO\"  >CMEI Ivo J\u00falio Meireles - IVO J\u00daLIO<\/option><option value=\"CMEI Lourdes Salom\u00e3o - LOURDES SALOM\u00c3O\"  >CMEI Lourdes Salom\u00e3o - LOURDES SALOM\u00c3O<\/option><option value=\"CMEI Maria Lucinda Leite - MARIA LUCINDA\"  >CMEI Maria Lucinda Leite - MARIA LUCINDA<\/option><option value=\"CMEI Patr\u00edcia Prado Monteiro Seixo de Brito - PATR\u00cdCIA PRADO\"  >CMEI Patr\u00edcia Prado Monteiro Seixo de Brito - PATR\u00cdCIA PRADO<\/option><option value=\"Instituto de Ed. Crist\u00e3 Estrela de Bel\u00e9m - ESTRELA DE BEL\u00c9M\"  >Instituto de Ed. Crist\u00e3 Estrela de Bel\u00e9m - ESTRELA DE BEL\u00c9M<\/option><option value=\"CMEI Espedita Furtado Vieira - ESPEDITA FURTADO\"  >CMEI Espedita Furtado Vieira - ESPEDITA FURTADO<\/option><option value=\"CMEI  Luiza Veloso - LUIZA VELOSO\"  >CMEI  Luiza Veloso - LUIZA VELOSO<\/option><option value=\"CMEI Prof\u00aa Nilza Ribeiro Queiroz - NILZA RIBEIRO\"  >CMEI Prof\u00aa Nilza Ribeiro Queiroz - NILZA RIBEIRO<\/option><option value=\"CMEI P\u00e9rola Meirelles de Brito - P\u00c9ROLA MEIRELLES\"  >CMEI P\u00e9rola Meirelles de Brito - P\u00c9ROLA MEIRELLES<\/option><option value=\"CMEI Val\u00e9ria Dias - VAL\u00c9RIA DIAS\"  >CMEI Val\u00e9ria Dias - VAL\u00c9RIA DIAS<\/option><option value=\"CMEI Willians - WILLIANS\"  >CMEI Willians - WILLIANS<\/option><\/select><\/div><\/div><div class='ff-el-group ff-el-form-hide_label'><div class=\"ff-el-input--label asterisk-right\"><label for='ff_8_dropdown_4' aria-label=\"Escola de Educa\u00e7\u00e3o Especial\">Escola de Educa\u00e7\u00e3o Especial<\/label><\/div><div class='ff-el-input--content'><select name=\"dropdown_4\" id=\"ff_8_dropdown_4\" class=\"ff-el-form-control\" data-name=\"dropdown_4\" data-calc_value=\"0\"  aria-invalid=\"false\" aria-required=false><option value=\"\">Educa\u00e7\u00e3o Especial<\/option><option value=\"EMEE Eug\u00eania Campos Coelho - EUG\u00caNIA CAMPOS\"  >EMEE Eug\u00eania Campos Coelho - EUG\u00caNIA CAMPOS<\/option><option value=\" EMEE Prof\u00ba Maur\u00edcio Moura da Silva - MAUR\u00cdCIO MOURA\"  >EMEE Prof\u00ba Maur\u00edcio Moura da Silva - MAUR\u00cdCIO MOURA<\/option><option value=\"U.M.E.I.E Estimula\u00e7\u00e3o Precoce - ESTIMULA\u00c7\u00c3O PRECOCE\"  >U.M.E.I.E Estimula\u00e7\u00e3o Precoce - ESTIMULA\u00c7\u00c3O PRECOCE<\/option><option value=\" Centro de Equoterapia Jos\u00e9 Tadeu da Silveira - EQUOTERAPIA\"  >Centro de Equoterapia Jos\u00e9 Tadeu da Silveira - EQUOTERAPIA<\/option><\/select><\/div><\/div><div class='ff-el-group ff-el-form-hide_label'><div class=\"ff-el-input--label ff-el-is-required asterisk-right\"><label for='ff_8_subject' aria-label=\"Assunto\">Assunto<\/label><\/div><div class='ff-el-input--content'><input type=\"text\" name=\"subject\" class=\"ff-el-form-control\" placeholder=\"Digite o assunto\" data-name=\"subject\" id=\"ff_8_subject\"  aria-invalid=\"false\" aria-required=true><\/div><\/div><div class='ff-el-group ff-el-form-hide_label'><div class=\"ff-el-input--label ff-el-is-required asterisk-right\"><label for='ff_8_message' aria-label=\"Mensagem\">Mensagem<\/label><\/div><div class='ff-el-input--content'><textarea aria-invalid=\"false\" aria-required=true name=\"message\" id=\"ff_8_message\" class=\"ff-el-form-control\" placeholder=\"Digite aqui sua mensagem\" rows=\"4\" cols=\"2\" data-name=\"message\" ><\/textarea><\/div><\/div><div class='ff-el-group ff-text-left ff_submit_btn_wrapper'><button type=\"submit\" class=\"ff-btn ff-btn-submit ff-btn-md ff_btn_style\" >Enviar meu ELOGIO<\/button><\/div><\/fieldset><\/form><div id='fluentform_8_errors' class='ff-errors-in-stack ff_form_instance_8_1 ff-form-loading_errors ff_form_instance_8_1_errors'><\/div><\/div>        <script type=\"text\/javascript\">\n            window.fluent_form_ff_form_instance_8_1 = {\"id\":\"8\",\"settings\":{\"layout\":{\"labelPlacement\":\"top\",\"helpMessagePlacement\":\"with_label\",\"errorMessagePlacement\":\"inline\",\"asteriskPlacement\":\"asterisk-right\"},\"id\":\"39\",\"restrictions\":{\"denyEmptySubmission\":{\"enabled\":false}}},\"form_instance\":\"ff_form_instance_8_1\",\"form_id_selector\":\"fluentform_8\",\"rules\":{\"names[first_name]\":{\"required\":{\"value\":true,\"message\":\"Ops! Este campo \\u00e9 de preenchimento obrigat\\u00f3rio.\",\"global\":false,\"global_message\":\"Este campo \\u00e9 obrigat\\u00f3rio\"}},\"names[middle_name]\":{\"required\":{\"value\":false,\"message\":\"This field is required\",\"global\":false,\"global_message\":\"Este campo \\u00e9 obrigat\\u00f3rio\"}},\"names[last_name]\":{\"required\":{\"value\":true,\"message\":\"Ops! Este campo \\u00e9 de preenchimento obrigat\\u00f3rio.\",\"global\":false,\"global_message\":\"Este campo \\u00e9 obrigat\\u00f3rio\"}},\"email\":{\"required\":{\"value\":true,\"message\":\"Ops! Este campo \\u00e9 de preenchimento obrigat\\u00f3rio.\",\"global\":false,\"global_message\":\"Este campo \\u00e9 obrigat\\u00f3rio\"},\"email\":{\"value\":true,\"message\":\"Este campo deve conter um e-mail v\\u00e1lido.\",\"global\":false,\"global_message\":\"Este campo deve conter um e-mail v\\u00e1lido\"}},\"input_mask\":{\"required\":{\"value\":true,\"message\":\"Ops! Este campo \\u00e9 de preenchimento obrigat\\u00f3rio \",\"global\":false,\"global_message\":\"Este campo \\u00e9 obrigat\\u00f3rio\"}},\"dropdown_1\":{\"required\":{\"value\":false,\"message\":\"This field is required\",\"global\":false,\"global_message\":\"Este campo \\u00e9 obrigat\\u00f3rio\"}},\"dropdown_3\":{\"required\":{\"value\":false,\"message\":\"This field is required\",\"global\":false,\"global_message\":\"Este campo \\u00e9 obrigat\\u00f3rio\"}},\"dropdown\":{\"required\":{\"value\":false,\"message\":\"This field is required\",\"global\":false,\"global_message\":\"Este campo \\u00e9 obrigat\\u00f3rio\"}},\"dropdown_2\":{\"required\":{\"value\":false,\"message\":\"This field is required\",\"global\":false,\"global_message\":\"Este campo \\u00e9 obrigat\\u00f3rio\"}},\"dropdown_4\":{\"required\":{\"value\":false,\"message\":\"This field is required\",\"global\":false,\"global_message\":\"Este campo \\u00e9 obrigat\\u00f3rio\"}},\"subject\":{\"required\":{\"value\":true,\"message\":\"Ops! Este campo \\u00e9 de preenchimento obrigat\\u00f3rio.\",\"global\":false,\"global_message\":\"Este campo \\u00e9 obrigat\\u00f3rio\"}},\"message\":{\"required\":{\"value\":true,\"message\":\"Ops! Este campo \\u00e9 de preenchimento obrigat\\u00f3rio.\",\"global\":false,\"global_message\":\"Este campo \\u00e9 obrigat\\u00f3rio\"}}},\"debounce_time\":300};\n                    <\/script>\n        <\/div>\n\t\t\t\t\t\t<\/div>\n\t\t\t\t<\/div>\n\t\t\t\t\t<\/div>\n\t\t<\/div>\n\t\t\t\t\t<\/div>\n\t\t<\/section>\n\t\t\t\t<\/div>\n\t\t<\/div>\n\t\t\t\t\t\t<\/div>\n\t\t\t\t<\/div>\n\t\t\t\t\t<\/div>\n\t\t<\/div>\n\t\t\t\t\t<\/div>\n\t\t<\/section>\n\t\t\t\t<\/div>\n\t\t","protected":false},"excerpt":{"rendered":"<p>Preenche o formul\u00e1rio e envie seu ELOGIO!<\/p>\n","protected":false},"author":1,"featured_media":0,"parent":0,"menu_order":0,"comment_status":"closed","ping_status":"closed","template":"","meta":{"footnotes":""},"class_list":["post-53","page","type-page","status-publish","hentry"],"_links":{"self":[{"href":"https:\/\/educacao.luziania.go.gov.br\/ouvidoria\/wp-json\/wp\/v2\/pages\/53","targetHints":{"allow":["GET"]}}],"collection":[{"href":"https:\/\/educacao.luziania.go.gov.br\/ouvidoria\/wp-json\/wp\/v2\/pages"}],"about":[{"href":"https:\/\/educacao.luziania.go.gov.br\/ouvidoria\/wp-json\/wp\/v2\/types\/page"}],"author":[{"embeddable":true,"href":"https:\/\/educacao.luziania.go.gov.br\/ouvidoria\/wp-json\/wp\/v2\/users\/1"}],"replies":[{"embeddable":true,"href":"https:\/\/educacao.luziania.go.gov.br\/ouvidoria\/wp-json\/wp\/v2\/comments?post=53"}],"version-history":[{"count":0,"href":"https:\/\/educacao.luziania.go.gov.br\/ouvidoria\/wp-json\/wp\/v2\/pages\/53\/revisions"}],"wp:attachment":[{"href":"https:\/\/educacao.luziania.go.gov.br\/ouvidoria\/wp-json\/wp\/v2\/media?parent=53"}],"curies":[{"name":"wp","href":"https:\/\/api.w.org\/{rel}","templated":true}]}}